{"id":16233,"date":"2023-05-30T15:12:37","date_gmt":"2023-05-30T12:12:37","guid":{"rendered":"https:\/\/aybeyprofil.com\/index.php\/urun\/20mm-boyanabilir-profil-2\/"},"modified":"2025-10-28T00:49:18","modified_gmt":"2025-10-27T21:49:18","slug":"25mm-boyanabilir-profil","status":"publish","type":"product","link":"https:\/\/aybeyprofil.com\/en\/product\/25mm-boyanabilir-profil\/","title":{"rendered":"Lustro Boyanabilir \u00c7\u0131ta 25mm"},"content":{"rendered":"<p data-start=\"279\" data-end=\"500\"><strong data-start=\"279\" data-end=\"306\">Lustro Boyanabilir \u00c7\u0131ta<\/strong>, modern i\u00e7 mek\u00e2n tasar\u0131mlar\u0131nda \u00f6zg\u00fcrce kullan\u0131labilecek, premium bir dekoratif y\u00fczey \u00e7\u00f6z\u00fcm\u00fcd\u00fcr. 25 mm geni\u015fli\u011fi ve 240 cm boyu ile duvar ve tavan uygulamalar\u0131nda estetik bir b\u00fct\u00fcnl\u00fck sa\u011flar.<\/p>\n<p data-start=\"502\" data-end=\"748\">Mat beyaz boyanabilir y\u00fczeyi sayesinde kullan\u0131c\u0131ya s\u0131n\u0131rs\u0131z tasar\u0131m \u00f6zg\u00fcrl\u00fc\u011f\u00fc sunar; diledi\u011finiz renkte boyanarak projeye \u00f6zel ki\u015fiselle\u015ftirilebilir. Polimer hammaddesi sayesinde neme, darbeye ve deformasyona kar\u015f\u0131 y\u00fcksek dayan\u0131kl\u0131l\u0131k g\u00f6sterir.<\/p>\n<hr data-start=\"750\" data-end=\"753\" \/>\n<h3 data-start=\"755\" data-end=\"776\"><strong data-start=\"759\" data-end=\"774\">Avantajlar:<\/strong><\/h3>\n<ul data-start=\"777\" data-end=\"1011\">\n<li data-start=\"777\" data-end=\"831\">\n<p data-start=\"779\" data-end=\"831\"><strong data-start=\"779\" data-end=\"800\">Boyanabilir y\u00fczey<\/strong>: Her dekorasyona uyum sa\u011flar<\/p>\n<\/li>\n<li data-start=\"832\" data-end=\"888\">\n<p data-start=\"834\" data-end=\"888\"><strong data-start=\"834\" data-end=\"864\">Dayan\u0131kl\u0131 polimer hammadde<\/strong>: Uzun \u00f6m\u00fcrl\u00fc kullan\u0131m<\/p>\n<\/li>\n<li data-start=\"889\" data-end=\"943\">\n<p data-start=\"891\" data-end=\"943\"><strong data-start=\"891\" data-end=\"911\">Mat beyaz \u015f\u0131kl\u0131k<\/strong>: Modern ve minimalist g\u00f6r\u00fcn\u00fcm<\/p>\n<\/li>\n<li data-start=\"944\" data-end=\"1011\">\n<p data-start=\"946\" data-end=\"1011\"><strong data-start=\"946\" data-end=\"964\">Kolay uygulama<\/strong>: Duvar ve tavan kaplamalar\u0131nda pratik montaj<\/p>\n<\/li>\n<\/ul>\n<hr data-start=\"1013\" data-end=\"1016\" \/>\n<p data-start=\"1018\" data-end=\"1163\">\ud83d\udc49 Lustro serisi, mimarlar\u0131n ve i\u00e7 mek\u00e2n tasar\u0131mc\u0131lar\u0131n\u0131n yarat\u0131c\u0131 \u00e7\u00f6z\u00fcmlerine esneklik kazand\u0131r\u0131rken, mek\u00e2nlara <strong data-start=\"1131\" data-end=\"1154\">premium bir dokunu\u015f<\/strong> ekler.<\/p>\n<p>&nbsp;<\/p>\n<p><strong>How to Cut and Apply?<\/strong><\/p>\n<p>The product is easily cut with a miter saw or a fine saw. After cutting, the applied floor is determined and you can easily apply materials with high adhesive properties such as quick adhesive, cold silicone (fast drying) or glue on the back surface of the product.<br \/>\nEspecially in wall decoration applications, after the bonding process is finished, the surface of the product should be supported with paper tape until the adhesive dries.<\/p>","protected":false},"excerpt":{"rendered":"<ul data-start=\"115\" data-end=\"246\">\n<li data-start=\"115\" data-end=\"138\">\n<p data-start=\"117\" data-end=\"138\">Geni\u015flik: <strong data-start=\"127\" data-end=\"136\">25 mm<\/strong><\/p>\n<\/li>\n<li data-start=\"139\" data-end=\"158\">\n<p data-start=\"141\" data-end=\"158\">Boy: <strong data-start=\"146\" data-end=\"156\">240 cm<\/strong><\/p>\n<\/li>\n<li data-start=\"159\" data-end=\"202\">\n<p data-start=\"161\" data-end=\"202\">Renk: <strong data-start=\"167\" data-end=\"200\">Mat Beyaz (Boyanabilir Y\u00fczey)<\/strong><\/p>\n<\/li>\n<li data-start=\"203\" data-end=\"246\">\n<p data-start=\"205\" data-end=\"246\">Hammadde: <strong data-start=\"215\" data-end=\"244\">Y\u00fcksek yo\u011funluklu polimer<\/strong><\/p>\n<\/li>\n<\/ul>","protected":false},"featured_media":17588,"comment_status":"closed","ping_status":"closed","template":"","meta":[],"product_cat":[125],"product_tag":[],"class_list":["post-16233","product","type-product","status-publish","has-post-thumbnail","hentry","product_cat-duvar-profilleri"],"_links":{"self":[{"href":"https:\/\/aybeyprofil.com\/en\/wp-json\/wp\/v2\/product\/16233","targetHints":{"allow":["GET"]}}],"collection":[{"href":"https:\/\/aybeyprofil.com\/en\/wp-json\/wp\/v2\/product"}],"about":[{"href":"https:\/\/aybeyprofil.com\/en\/wp-json\/wp\/v2\/types\/product"}],"replies":[{"embeddable":true,"href":"https:\/\/aybeyprofil.com\/en\/wp-json\/wp\/v2\/comments?post=16233"}],"version-history":[{"count":6,"href":"https:\/\/aybeyprofil.com\/en\/wp-json\/wp\/v2\/product\/16233\/revisions"}],"predecessor-version":[{"id":18982,"href":"https:\/\/aybeyprofil.com\/en\/wp-json\/wp\/v2\/product\/16233\/revisions\/18982"}],"wp:featuredmedia":[{"embeddable":true,"href":"https:\/\/aybeyprofil.com\/en\/wp-json\/wp\/v2\/media\/17588"}],"wp:attachment":[{"href":"https:\/\/aybeyprofil.com\/en\/wp-json\/wp\/v2\/media?parent=16233"}],"wp:term":[{"taxonomy":"product_cat","embeddable":true,"href":"https:\/\/aybeyprofil.com\/en\/wp-json\/wp\/v2\/product_cat?post=16233"},{"taxonomy":"product_tag","embeddable":true,"href":"https:\/\/aybeyprofil.com\/en\/wp-json\/wp\/v2\/product_tag?post=16233"}],"curies":[{"name":"wp","href":"https:\/\/api.w.org\/{rel}","templated":true}]}}