{"id":18949,"date":"2025-10-01T16:00:35","date_gmt":"2025-10-01T13:00:35","guid":{"rendered":"https:\/\/aybeyprofil.com\/?post_type=product&#038;p=18949"},"modified":"2025-10-01T16:55:20","modified_gmt":"2025-10-01T13:55:20","slug":"crystal-beyaz-akustik-panel-60cm","status":"publish","type":"product","link":"https:\/\/aybeyprofil.com\/en\/product\/crystal-beyaz-akustik-panel-60cm\/","title":{"rendered":"Crystal Beyaz Akustik Panel 60cm"},"content":{"rendered":"<p>Crystal Beyaz Akustik Panel, mimari y\u00fczeylerde sadelik ve zarafetin en saf halini temsil eder. Parlakl\u0131\u011f\u0131yla mek\u00e2na ferahl\u0131k katan beyaz ton, do\u011fal \u0131\u015f\u0131\u011f\u0131 en \u00fcst seviyede yans\u0131tarak geni\u015f ve ayd\u0131nl\u0131k bir atmosfer olu\u015fturur.<\/p>\n<p>3 mm akustik ke\u00e7e taban\u0131 sayesinde etkili ses emilimi ve yank\u0131 kontrol\u00fc sa\u011flarken, 6 mm MDF \u00e7\u0131talar sa\u011flam yap\u0131s\u0131 ile estetik ve fonksiyonelli\u011fi bir araya getirir. \u0130nce formu ve kusursuz \u00f6l\u00e7\u00fcleri sayesinde montaj\u0131 kolayd\u0131r; 60&#215;275 cm \u00f6l\u00e7\u00fcs\u00fcyle hem konut hem de ticari projelerde l\u00fcks bir i\u00e7 mimari \u00e7\u00f6z\u00fcm sunar.<\/p>\n<p>Crystal Beyaz\u2019\u0131n zamans\u0131z \u015f\u0131kl\u0131\u011f\u0131, modern minimalizmi destekleyen g\u00fc\u00e7l\u00fc bir fon yarat\u0131rken, mek\u00e2nda kullan\u0131lan di\u011fer t\u00fcm detaylarla kusursuz uyum sa\u011flar. Otellerden showroomlara, evlerden prestijli ofislere kadar her alanda ayd\u0131nl\u0131k, sofistike ve premium bir ya\u015fam alan\u0131\u00a0ortaya\u00a0\u00e7\u0131kar\u0131r.<\/p>","protected":false},"excerpt":{"rendered":"<div>\u2022 Geni\u015flik: 60 cm<\/div>\n<div>\u2022Boy: 275 cm<\/div>\n<div>\u2022Toplam Kal\u0131nl\u0131k: 0,9 cm<\/div>\n<div>\u2022Malzeme: 3 mm akustik ke\u00e7e + 6 mm MDF \u00e7\u0131ta<\/div>\n<div>\u2022Renk: Crystal Beyaz<\/div>\n<link rel=\"stylesheet\" id=\"elementor-post-15599-css\" href=\"https:\/\/aybeyprofil.com\/wp-content\/uploads\/elementor\/css\/post-15599.css?ver=1759353231\" type=\"text\/css\" media=\"all\">\n<div data-elementor-type=\"wp-post\" data-elementor-id=\"15599\" class=\"elementor elementor-15599\">\n<section class=\"wd-negative-gap elementor-section elementor-top-section elementor-element elementor-element-f62a09c elementor-section-boxed elementor-section-height-default elementor-section-height-default wd-section-disabled\" data-id=\"f62a09c\" data-element_type=\"section\">\n<div class=\"elementor-container elementor-column-gap-default\">\n<div class=\"elementor-column elementor-col-25 elementor-top-column elementor-element elementor-element-ac632d1\" data-id=\"ac632d1\" data-element_type=\"column\">\n<div class=\"elementor-widget-wrap elementor-element-populated\">\n<div class=\"elementor-element elementor-element-a69b25a elementor-widget elementor-widget-wd_infobox\" data-id=\"a69b25a\" data-element_type=\"widget\" data-widget_type=\"wd_infobox.default\">\n<div class=\"elementor-widget-container\">\n<div class=\"info-box-wrapper\">\n<div class=\"wd-info-box text-center box-icon-align-top box-style-base color-scheme-\" >\n<div class=\"box-icon-wrapper  box-with-icon box-icon-simple\">\n<div class=\"info-box-icon\">\n\t\t\t\t\t\t\t\t\t\t\t\t\t\t\t<span class=\"info-svg-wrapper info-icon\" style=\"width:40px; height:40px;\"><svg xmlns=\"http:\/\/www.w3.org\/2000\/svg\" fill=\"#CB9500\" width=\"800px\" height=\"800px\" viewbox=\"0 0 24 24\"><g id=\"svg-4355\" stroke-width=\"0\"><\/g><g id=\"SVGRepo_tracerCarrier\" stroke-linecap=\"round\" stroke-linejoin=\"round\"><\/g><g id=\"SVGRepo_iconCarrier\"><path d=\"M6,4.70710678 L3.85355339,6.85355339 C3.65829124,7.04881554 3.34170876,7.04881554 3.14644661,6.85355339 C2.95118446,6.65829124 2.95118446,6.34170876 3.14644661,6.14644661 L6.14644661,3.14644661 C6.34170876,2.95118446 6.65829124,2.95118446 6.85355339,3.14644661 L9.85355339,6.14644661 C10.0488155,6.34170876 10.0488155,6.65829124 9.85355339,6.85355339 C9.65829124,7.04881554 9.34170876,7.04881554 9.14644661,6.85355339 L7,4.70710678 L7,19.2928932 L9.14644661,17.1464466 C9.34170876,16.9511845 9.65829124,16.9511845 9.85355339,17.1464466 C10.0488155,17.3417088 10.0488155,17.6582912 9.85355339,17.8535534 L6.85355339,20.8535534 C6.65829124,21.0488155 6.34170876,21.0488155 6.14644661,20.8535534 L3.14644661,17.8535534 C2.95118446,17.6582912 2.95118446,17.3417088 3.14644661,17.1464466 C3.34170876,16.9511845 3.65829124,16.9511845 3.85355339,17.1464466 L6,19.2928932 L6,4.70710678 Z M18.5,3 C19.8807119,3 21,4.11928813 21,5.5 L21,18.5 C21,19.8807119 19.8807119,21 18.5,21 L15.5,21 C14.1192881,21 13,19.8807119 13,18.5 L13,5.5 C13,4.11928813 14.1192881,3 15.5,3 L18.5,3 Z M18.5,4 L15.5,4 C14.6715729,4 14,4.67157288 14,5.5 L14,18.5 C14,19.3284271 14.6715729,20 15.5,20 L18.5,20 C19.3284271,20 20,19.3284271 20,18.5 L20,5.5 C20,4.67157288 19.3284271,4 18.5,4 Z\"><\/path><\/g><\/svg><\/span>\t\t\t\t\t\t\t\t\t\t\t\t\t<\/div>\n<\/p><\/div>\n<div class=\"info-box-content\">\n<div class=\"info-box-inner set-cont-mb-s reset-last-child\"\n\t\t\t\t\t\t data-elementor-setting-key=\"content\"><\/p>\n<p>The product length is standard 280cm.<\/p>\n<\/p><\/div>\n<\/p><\/div>\n<\/p><\/div>\n<\/p><\/div>\n<\/p><\/div>\n<\/p><\/div>\n<\/p><\/div>\n<\/p><\/div>\n<div class=\"elementor-column elementor-col-25 elementor-top-column elementor-element elementor-element-0f23042\" data-id=\"0f23042\" data-element_type=\"column\">\n<div class=\"elementor-widget-wrap elementor-element-populated\">\n<div class=\"elementor-element elementor-element-1cc1868 elementor-widget elementor-widget-wd_infobox\" data-id=\"1cc1868\" data-element_type=\"widget\" data-widget_type=\"wd_infobox.default\">\n<div class=\"elementor-widget-container\">\n<div class=\"info-box-wrapper\">\n<div class=\"wd-info-box text-center box-icon-align-top box-style-base color-scheme-\" >\n<div class=\"box-icon-wrapper  box-with-icon box-icon-simple\">\n<div class=\"info-box-icon\">\n\t\t\t\t\t\t\t\t\t\t\t\t\t\t\t<span class=\"info-svg-wrapper info-icon\" style=\"width:40px; height:40px;\"><svg xmlns=\"http:\/\/www.w3.org\/2000\/svg\" fill=\"#CB9500\" width=\"800px\" height=\"800px\" viewbox=\"0 0 24 24\"><g id=\"svg-3121\" stroke-width=\"0\"><\/g><g id=\"SVGRepo_tracerCarrier\" stroke-linecap=\"round\" stroke-linejoin=\"round\"><\/g><g id=\"SVGRepo_iconCarrier\"><title><\/title><g id=\"calculator\"><path d=\"M13.15,8.85a.48.48,0,0,0,.7,0L15,7.71l1.15,1.14a.48.48,0,0,0,.7,0,.48.48,0,0,0,0-.7L15.71,7l1.14-1.15a.49.49,0,1,0-.7-.7L15,6.29,13.85,5.15a.49.49,0,0,0-.7.7L14.29,7,13.15,8.15A.48.48,0,0,0,13.15,8.85Z\"><\/path><path d=\"M18.5,15h-4a.5.5,0,0,0,0,1h4a.5.5,0,0,0,0-1Z\"><\/path><path d=\"M18.5,17h-4a.5.5,0,0,0,0,1h4a.5.5,0,0,0,0-1Z\"><\/path><path d=\"M9.5,6h-4a.5.5,0,0,0,0,1h4a.5.5,0,0,0,0-1Z\"><\/path><path d=\"M9.5,13H8V11.5a.5.5,0,0,0-1,0V13H5.5a.5.5,0,0,0,0,1H7v1.5a.5.5,0,0,0,1,0V14H9.5a.5.5,0,0,0,0-1Z\"><\/path><path d=\"M20,12.26V3.5A1.5,1.5,0,0,0,18.5,2H3.5A1.5,1.5,0,0,0,2,3.5v15A1.5,1.5,0,0,0,3.5,20h8.76A5.5,5.5,0,1,0,20,12.26ZM3.5,19a.5.5,0,0,1-.5-.5V3.5A.5.5,0,0,1,3.5,3h15a.5.5,0,0,1,.5.5v8.11A5.4,5.4,0,0,0,16.5,11,5.51,5.51,0,0,0,11,16.5a5.4,5.4,0,0,0,.61,2.5Zm13,2A4.5,4.5,0,1,1,21,16.5,4.51,4.51,0,0,1,16.5,21Z\"><\/path><\/g><\/g><\/svg><\/span>\t\t\t\t\t\t\t\t\t\t\t\t\t<\/div>\n<\/p><\/div>\n<div class=\"info-box-content\">\n<div class=\"info-box-inner set-cont-mb-s reset-last-child\"\n\t\t\t\t\t\t data-elementor-setting-key=\"content\"><\/p>\n<p>The product is priced over 1 size (280cm).<\/p>\n<\/p><\/div>\n<\/p><\/div>\n<\/p><\/div>\n<\/p><\/div>\n<\/p><\/div>\n<\/p><\/div>\n<\/p><\/div>\n<\/p><\/div>\n<div class=\"elementor-column elementor-col-25 elementor-top-column elementor-element elementor-element-4092ca7\" data-id=\"4092ca7\" data-element_type=\"column\">\n<div class=\"elementor-widget-wrap elementor-element-populated\">\n<div class=\"elementor-element elementor-element-390b7d1 elementor-widget elementor-widget-wd_infobox\" data-id=\"390b7d1\" data-element_type=\"widget\" data-widget_type=\"wd_infobox.default\">\n<div class=\"elementor-widget-container\">\n<div class=\"info-box-wrapper\">\n<div class=\"wd-info-box text-center box-icon-align-top box-style-base color-scheme-\" >\n<div class=\"box-icon-wrapper  box-with-icon box-icon-simple\">\n<div class=\"info-box-icon\">\n\t\t\t\t\t\t\t\t\t\t\t\t\t\t\t<span class=\"info-svg-wrapper info-icon\" style=\"width:40px; height:40px;\"><svg xmlns=\"http:\/\/www.w3.org\/2000\/svg\" xmlns:xlink=\"http:\/\/www.w3.org\/1999\/xlink\" width=\"800px\" height=\"800px\" viewbox=\"0 -4 60 60\" fill=\"#CB9500\"><g id=\"svg-4715\" stroke-width=\"0\"><\/g><g id=\"SVGRepo_tracerCarrier\" stroke-linecap=\"round\" stroke-linejoin=\"round\"><\/g><g id=\"SVGRepo_iconCarrier\"><title>truck<\/title><desc>Created with Sketch.<\/desc><defs> <\/defs><g id=\"People\" stroke=\"none\" stroke-width=\"1\" fill=\"none\" fill-rule=\"evenodd\"><g id=\"Icon-17\" transform=\"translate(0.000000, -8.000000)\" fill=\"#CB9500\"><path d=\"M40,59 C40,59.552 39.552,60 39,60 L37,60 C36.448,60 36,59.552 36,59 C36,58.448 36.448,58 37,58 L39,58 C39.552,58 40,58.448 40,59 M60,59 C60,59.552 59.552,60 59,60 L43,60 C42.448,60 42,59.552 42,59 C42,58.448 42.448,58 43,58 L59,58 C59.552,58 60,58.448 60,59 M32,59 C32,59.552 31.552,60 31,60 L21,60 C20.448,60 20,59.552 20,59 C20,58.448 20.448,58 21,58 L31,58 C31.552,58 32,58.448 32,59 M16,59 C16,59.552 15.552,60 15,60 L1,60 C0.448,60 0,59.552 0,59 C0,58.448 0.448,58 1,58 L15,58 C15.552,58 16,58.448 16,59 M2,39 C2,38.448 2.448,38 3,38 L5.84,38 L5.417,35.147 C5.336,34.601 5.713,34.092 6.259,34.011 C6.809,33.934 7.315,34.307 7.396,34.853 L7.863,38 L15,38 C15.552,38 16,38.448 16,39 C16,39.552 15.552,40 15,40 L3,40 C2.448,40 2,39.552 2,39 M3,30 L4.559,30 L4.136,27.147 C4.055,26.601 4.432,26.092 4.978,26.011 C5.528,25.935 6.034,26.307 6.114,26.853 L6.582,30 L15,30 C15.552,30 16,30.448 16,31 C16,31.552 15.552,32 15,32 L3,32 C2.448,32 2,31.552 2,31 C2,30.448 2.448,30 3,30 M15,50 C14.449,50 14,49.551 14,49 C14,48.449 14.449,48 15,48 C15.551,48 16,48.449 16,49 C16,49.551 15.551,50 15,50 M15,46 C13.346,46 12,47.346 12,49 C12,50.654 13.346,52 15,52 C16.654,52 18,50.654 18,49 C18,47.346 16.654,46 15,46 M49,50 C48.449,50 48,49.551 48,49 C48,48.449 48.449,48 49,48 C49.551,48 50,48.449 50,49 C50,49.551 49.551,50 49,50 M49,46 C47.346,46 46,47.346 46,49 C46,50.654 47.346,52 49,52 C50.654,52 52,50.654 52,49 C52,47.346 50.654,46 49,46 M49,54 C46.243,54 44,51.757 44,49 C44,46.243 46.243,44 49,44 C51.757,44 54,46.243 54,49 C54,51.757 51.757,54 49,54 M58.707,33.293 L55.966,30.552 L55,19 C55,16.243 52.757,14 50,14 L43,14 C42.448,14 42,14.448 42,15 C42,15.552 42.448,16 43,16 L50,16 C51.626,16 53,17.374 53.003,19.083 L53.913,30 L50.618,30 L51.895,27.447 C52.142,26.953 51.941,26.353 51.447,26.105 C50.952,25.858 50.353,26.059 50.105,26.553 L48.382,30 L43,30 C42.448,30 42,30.448 42,31 C42,31.552 42.448,32 43,32 L54.586,32 L57.293,34.707 C57.863,35.277 57.998,36.588 58,37 L58,48 L55.92,48 C55.433,44.613 52.52,42 49,42 C45.14,42 42,45.14 42,49 C42,52.86 45.14,56 49,56 C52.52,56 55.433,53.387 55.92,50 L59,50 C59.552,50 60,49.552 60,49 L60,37 C60,36.753 59.964,34.549 58.707,33.293 M15,54 C12.243,54 10,51.757 10,49 C10,46.243 12.243,44 15,44 C17.757,44 20,46.243 20,49 C20,51.757 17.757,54 15,54 M39,8 L7,8 C4.243,8 2,10.243 2,13 C2,13.05 2.004,13.099 2.011,13.148 L3.339,22 L1,22 C0.448,22 0,22.448 0,23 C0,23.552 0.448,24 1,24 L15,24 C15.552,24 16,23.552 16,23 C16,22.448 15.552,22 15,22 L5.361,22 L4.001,12.931 C4.038,11.309 5.369,10 7,10 L38,10 L38,48 L21.92,48 C21.433,44.613 18.52,42 15,42 C11.14,42 8,45.14 8,49 C8,52.86 11.14,56 15,56 C18.52,56 21.433,53.387 21.92,50 L39,50 C39.552,50 40,49.552 40,49 L40,9 C40,8.448 39.552,8 39,8\" id=\"truck\"> <\/path><\/g><\/g><\/g><\/svg><\/span>\t\t\t\t\t\t\t\t\t\t\t\t\t<\/div>\n<\/p><\/div>\n<div class=\"info-box-content\">\n<div class=\"info-box-inner set-cont-mb-s reset-last-child\"\n\t\t\t\t\t\t data-elementor-setting-key=\"content\"><\/p>\n<p>Free Shipping All Over Turkey!<\/p>\n<\/p><\/div>\n<\/p><\/div>\n<\/p><\/div>\n<\/p><\/div>\n<\/p><\/div>\n<\/p><\/div>\n<\/p><\/div>\n<\/p><\/div>\n<div class=\"elementor-column elementor-col-25 elementor-top-column elementor-element elementor-element-17ace66\" data-id=\"17ace66\" data-element_type=\"column\">\n<div class=\"elementor-widget-wrap elementor-element-populated\">\n<div class=\"elementor-element elementor-element-1039808 elementor-widget elementor-widget-wd_infobox\" data-id=\"1039808\" data-element_type=\"widget\" data-widget_type=\"wd_infobox.default\">\n<div class=\"elementor-widget-container\">\n<div class=\"info-box-wrapper\">\n<div class=\"wd-info-box text-center box-icon-align-top box-style-base color-scheme-\" >\n<div class=\"box-icon-wrapper  box-with-icon box-icon-simple\">\n<div class=\"info-box-icon\">\n\t\t\t\t\t\t\t\t\t\t\t\t\t\t\t<span class=\"info-svg-wrapper info-icon\" style=\"width:40px; height:40px;\"><svg xmlns=\"http:\/\/www.w3.org\/2000\/svg\" xmlns:xlink=\"http:\/\/www.w3.org\/1999\/xlink\" fill=\"#CB9500\" height=\"800px\" width=\"800px\" id=\"svg-8181\" viewbox=\"0 0 508 508\" xml:space=\"preserve\"> <g id=\"SVGRepo_bgCarrier\" stroke-width=\"0\"><\/g> <g id=\"SVGRepo_tracerCarrier\" stroke-linecap=\"round\" stroke-linejoin=\"round\"><\/g> <g id=\"SVGRepo_iconCarrier\"> <g> <g> <path d=\"M208.5,175.825H75.6c-7.8,0-14.1,6.3-14.1,14.1c0,7.8,6.3,14.1,14.1,14.1h132.8c7.8,0,14.1-6.3,14.1-14.1 C222.6,182.125,216.3,175.825,208.5,175.825z\"><\/path> <\/g> <\/g> <g> <g> <path d=\"M92.1,271.125H75.6c-7.8,0-14.1,6.3-14.1,14.1c0,7.8,6.3,14.1,14.1,14.1h16.5c7.8,0,14.1-6.3,14.1-14.1 C106.2,277.525,99.9,271.125,92.1,271.125z\"><\/path> <\/g> <\/g> <g> <g> <path d=\"M169,271.125h-16.5c-7.8,0-14.1,6.3-14.1,14.1c0,7.8,6.3,14.1,14.1,14.1H169c7.8,0,14.1-6.3,14.1-14.1 C183.1,277.525,176.8,271.125,169,271.125z\"><\/path> <\/g> <\/g> <g> <g> <path d=\"M501.1,250.525l-25.7-15.2v-193c-0.1-23.3-19-42.3-42.4-42.3H42.3c-23.3,0-42.3,19-42.3,42.3v271.1 c0,23.3,19,42.3,42.3,42.3h187.4c16.2,67.7,64,124.3,130.8,151.2c3.5,1.4,7,1.4,10.5,0c83.2-33.4,137-112.9,137-202.6v-41.7 C508,257.725,505.4,253.025,501.1,250.525z M28.2,42.325c0-7.8,6.3-14.1,14.1-14.1H433c7.8,0,14.1,6.3,14.1,14.1v47.7H28.2V42.325 z M223.6,262.725v41.7c0,7.8,0.6,15.5,1.4,23.2H42.3c-7.8,0-14.1-6.3-14.1-14.1v-195.2h418.9v100.3l-74.1-43.8 c-4.4-2.6-9.9-2.6-14.4,0l-128.1,75.7C226.2,253.025,223.6,257.725,223.6,262.725z M365.8,478.625c-43.5-19-77.3-52.7-96.4-94 h17.9c7.8,0,14.1-6.3,14.1-14.1c0-7.8-6.3-14.1-14.1-14.1H259c-2.6-9.2-4.5-18.6-5.7-28.2h69.2c7.8,0,14.1-6.3,14.1-14.1 c0-7.8-6.3-14.1-14.1-14.1h-70.8v-29.3l114-67.4l114,67.4v33.7h0.1C479.8,380.625,435.2,448.325,365.8,478.625z\"><\/path> <\/g> <\/g> <\/g> <\/svg><\/span>\t\t\t\t\t\t\t\t\t\t\t\t\t<\/div>\n<\/p><\/div>\n<div class=\"info-box-content\">\n<div class=\"info-box-inner set-cont-mb-s reset-last-child\"\n\t\t\t\t\t\t data-elementor-setting-key=\"content\"><\/p>\n<p>%100 G\u00fcvenli Al\u0131\u015fveri\u015f<\/p>\n<\/p><\/div>\n<\/p><\/div>\n<\/p><\/div>\n<\/p><\/div>\n<\/p><\/div>\n<\/p><\/div>\n<\/p><\/div>\n<\/p><\/div>\n<\/p><\/div>\n<\/section><\/div>","protected":false},"featured_media":18950,"comment_status":"closed","ping_status":"closed","template":"","meta":[],"product_cat":[75,87],"product_tag":[],"class_list":["post-18949","product","type-product","status-publish","has-post-thumbnail","hentry","product_cat-duvar-panelleri","product_cat-akustik-panel-serisi"],"_links":{"self":[{"href":"https:\/\/aybeyprofil.com\/en\/wp-json\/wp\/v2\/product\/18949","targetHints":{"allow":["GET"]}}],"collection":[{"href":"https:\/\/aybeyprofil.com\/en\/wp-json\/wp\/v2\/product"}],"about":[{"href":"https:\/\/aybeyprofil.com\/en\/wp-json\/wp\/v2\/types\/product"}],"replies":[{"embeddable":true,"href":"https:\/\/aybeyprofil.com\/en\/wp-json\/wp\/v2\/comments?post=18949"}],"version-history":[{"count":2,"href":"https:\/\/aybeyprofil.com\/en\/wp-json\/wp\/v2\/product\/18949\/revisions"}],"predecessor-version":[{"id":18954,"href":"https:\/\/aybeyprofil.com\/en\/wp-json\/wp\/v2\/product\/18949\/revisions\/18954"}],"wp:featuredmedia":[{"embeddable":true,"href":"https:\/\/aybeyprofil.com\/en\/wp-json\/wp\/v2\/media\/18950"}],"wp:attachment":[{"href":"https:\/\/aybeyprofil.com\/en\/wp-json\/wp\/v2\/media?parent=18949"}],"wp:term":[{"taxonomy":"product_cat","embeddable":true,"href":"https:\/\/aybeyprofil.com\/en\/wp-json\/wp\/v2\/product_cat?post=18949"},{"taxonomy":"product_tag","embeddable":true,"href":"https:\/\/aybeyprofil.com\/en\/wp-json\/wp\/v2\/product_tag?post=18949"}],"curies":[{"name":"wp","href":"https:\/\/api.w.org\/{rel}","templated":true}]}}