{"id":19357,"date":"2025-10-09T10:00:35","date_gmt":"2025-10-09T07:00:35","guid":{"rendered":"https:\/\/aybeyprofil.com\/?post_type=product&#038;p=19357"},"modified":"2025-10-22T10:52:07","modified_gmt":"2025-10-22T07:52:07","slug":"lucente-supramat-londra-mavi-duvar-paneli","status":"publish","type":"product","link":"https:\/\/aybeyprofil.com\/en\/product\/lucente-supramat-londra-mavi-duvar-paneli\/","title":{"rendered":"Lucente Supramat Londra Mavi Duvar Paneli"},"content":{"rendered":"<hr data-start=\"83\" data-end=\"86\" \/>\n<h3 data-start=\"134\" data-end=\"185\"><strong data-start=\"138\" data-end=\"183\">Lucente Supramat Londra Mavi Duvar Paneli<\/strong><\/h3>\n<p data-start=\"186\" data-end=\"248\"><strong data-start=\"186\" data-end=\"246\">Supramat Y\u00fczey \u2013 Mavinin Rafine Yorumu, \u0130peksi Bir Duru\u015f<\/strong><\/p>\n<p data-start=\"250\" data-end=\"561\">Lucente Supramat Londra Mavi Duvar Paneli, modern mimarinin sakin \u00e7izgilerini <strong data-start=\"328\" data-end=\"354\">sofistike bir dengeyle<\/strong> bulu\u015fturur. Londra Mavi tonunun derin ama zarif yap\u0131s\u0131, mek\u00e2nlara <strong data-start=\"421\" data-end=\"464\">Avrupai bir \u015f\u0131kl\u0131k ve \u00e7a\u011fda\u015f bir asalet<\/strong> kazand\u0131r\u0131rken; \u00f6zel <strong data-start=\"485\" data-end=\"504\">Supramat y\u00fczeyi<\/strong>, her bak\u0131\u015fta hissedilen <strong data-start=\"529\" data-end=\"552\">ipeksi mat bir l\u00fcks<\/strong> sunar.<\/p>\n<p data-start=\"563\" data-end=\"699\"><strong data-start=\"563\" data-end=\"575\">\u00d6l\u00e7\u00fcler:<\/strong> En 19,5 cm \u2022 Boy 280 cm \u2022 Kal\u0131nl\u0131k 12 mm<br data-start=\"616\" data-end=\"619\" \/><strong data-start=\"619\" data-end=\"632\">Hammadde:<\/strong> 1. s\u0131n\u0131f MDF<br data-start=\"645\" data-end=\"648\" \/><strong data-start=\"648\" data-end=\"658\">Y\u00fczey:<\/strong> Supramat \u2013 Premium Londra Mavi Kaplama<\/p>\n<p data-start=\"701\" data-end=\"1024\">Supramat y\u00fczey teknolojisi, <strong data-start=\"729\" data-end=\"752\">parmak izi tutmayan<\/strong>, <strong data-start=\"754\" data-end=\"785\">\u00e7izilmelere kar\u015f\u0131 dayan\u0131kl\u0131<\/strong> ve <strong data-start=\"789\" data-end=\"817\">yans\u0131mas\u0131z mat dokusuyla<\/strong> uzun \u00f6m\u00fcrl\u00fc bir estetik sa\u011flar. I\u015f\u0131\u011f\u0131 nazik\u00e7e yans\u0131tan y\u00fczeyi, duvarlarda <strong data-start=\"892\" data-end=\"929\">sakin ama etkileyici bir b\u00fct\u00fcnl\u00fck<\/strong> yarat\u0131r. Lucente Supramat Londra Mavi, <strong data-start=\"969\" data-end=\"1010\">modern zarafetin ve kusursuz dengenin<\/strong> ifadesidir.<\/p>","protected":false},"excerpt":{"rendered":"<div>\n<h3 data-start=\"105\" data-end=\"155\">\u2728 <em data-start=\"1051\" data-end=\"1119\">\u201cSupramat ile ipeksi matl\u0131k, Londra mavisiyle Avrupai bir \u015f\u0131kl\u0131k.\u201d<\/em><\/h3>\n<\/div>\n<div><strong data-start=\"563\" data-end=\"575\">\u00d6l\u00e7\u00fcler:<\/strong> En 19,5 cm \u2022 Boy 280 cm \u2022 Kal\u0131nl\u0131k 12 mm<br data-start=\"616\" data-end=\"619\" \/><strong data-start=\"619\" data-end=\"632\">Hammadde:<\/strong> 1. s\u0131n\u0131f MDF<br data-start=\"645\" data-end=\"648\" \/><strong data-start=\"648\" data-end=\"658\">Y\u00fczey:<\/strong> Supramat \u2013 Premium Londra Mavi Kaplama<\/div>\n<p><strong data-start=\"663\" data-end=\"673\">\u00dcr\u00fcn, 1 adet<\/strong>(280cm) <strong data-start=\"663\" data-end=\"673\">\u00fczerinden fiyatland\u0131r\u0131lm\u0131\u015ft\u0131r.<\/strong><\/p>","protected":false},"featured_media":19874,"comment_status":"closed","ping_status":"closed","template":"","meta":[],"product_cat":[119,75],"product_tag":[],"class_list":["post-19357","product","type-product","status-publish","has-post-thumbnail","hentry","product_cat-mdf-panel-serisi","product_cat-duvar-panelleri"],"_links":{"self":[{"href":"https:\/\/aybeyprofil.com\/en\/wp-json\/wp\/v2\/product\/19357","targetHints":{"allow":["GET"]}}],"collection":[{"href":"https:\/\/aybeyprofil.com\/en\/wp-json\/wp\/v2\/product"}],"about":[{"href":"https:\/\/aybeyprofil.com\/en\/wp-json\/wp\/v2\/types\/product"}],"replies":[{"embeddable":true,"href":"https:\/\/aybeyprofil.com\/en\/wp-json\/wp\/v2\/comments?post=19357"}],"version-history":[{"count":2,"href":"https:\/\/aybeyprofil.com\/en\/wp-json\/wp\/v2\/product\/19357\/revisions"}],"predecessor-version":[{"id":19875,"href":"https:\/\/aybeyprofil.com\/en\/wp-json\/wp\/v2\/product\/19357\/revisions\/19875"}],"wp:featuredmedia":[{"embeddable":true,"href":"https:\/\/aybeyprofil.com\/en\/wp-json\/wp\/v2\/media\/19874"}],"wp:attachment":[{"href":"https:\/\/aybeyprofil.com\/en\/wp-json\/wp\/v2\/media?parent=19357"}],"wp:term":[{"taxonomy":"product_cat","embeddable":true,"href":"https:\/\/aybeyprofil.com\/en\/wp-json\/wp\/v2\/product_cat?post=19357"},{"taxonomy":"product_tag","embeddable":true,"href":"https:\/\/aybeyprofil.com\/en\/wp-json\/wp\/v2\/product_tag?post=19357"}],"curies":[{"name":"wp","href":"https:\/\/api.w.org\/{rel}","templated":true}]}}