{"id":19361,"date":"2025-10-09T10:06:20","date_gmt":"2025-10-09T07:06:20","guid":{"rendered":"https:\/\/aybeyprofil.com\/?post_type=product&#038;p=19361"},"modified":"2025-10-22T10:50:59","modified_gmt":"2025-10-22T07:50:59","slug":"lucente-peru-mese-duvar-paneli","status":"publish","type":"product","link":"https:\/\/aybeyprofil.com\/en\/product\/lucente-peru-mese-duvar-paneli\/","title":{"rendered":"Lucente Peru Me\u015fe Duvar Paneli"},"content":{"rendered":"<hr data-start=\"83\" data-end=\"86\" \/>\n<h3 data-start=\"89\" data-end=\"129\"><strong data-start=\"93\" data-end=\"127\">Lucente Peru Me\u015fe Duvar Paneli<\/strong><\/h3>\n<p data-start=\"130\" data-end=\"186\"><strong data-start=\"130\" data-end=\"184\">Premium Kaplama \u2013 Do\u011fal S\u0131cakl\u0131k, Modern Bir Duru\u015f<\/strong><\/p>\n<p data-start=\"188\" data-end=\"435\">Lucente Peru Me\u015fe Duvar Paneli, me\u015fenin do\u011fal s\u0131cak tonlar\u0131n\u0131 modern \u00e7izgilerle bulu\u015fturarak ya\u015fam alanlar\u0131nda <strong data-start=\"299\" data-end=\"322\">sofistike bir denge<\/strong> yarat\u0131r. Peru me\u015fesinin \u00f6zg\u00fcn damar yap\u0131s\u0131, duvarlarda <strong data-start=\"378\" data-end=\"422\">do\u011fal bir derinlik ve rafine bir sadelik<\/strong> olu\u015fturur.<\/p>\n<p data-start=\"437\" data-end=\"560\"><strong data-start=\"437\" data-end=\"449\">\u00d6l\u00e7\u00fcler:<\/strong> En 19,5 cm \u2022 Boy 280 cm \u2022 Kal\u0131nl\u0131k 12 mm<br data-start=\"490\" data-end=\"493\" \/><strong data-start=\"493\" data-end=\"506\">Hammadde:<\/strong> 1. s\u0131n\u0131f MDF<br data-start=\"519\" data-end=\"522\" \/><strong data-start=\"522\" data-end=\"532\">Y\u00fczey:<\/strong> Premium Peru Me\u015fe Kaplama<\/p>\n<p data-start=\"562\" data-end=\"868\">Premium kaplama y\u00fczeyi, ah\u015fab\u0131n do\u011fall\u0131\u011f\u0131n\u0131 koruyarak mek\u00e2nlara <strong data-start=\"626\" data-end=\"671\">zamans\u0131z bir s\u0131cakl\u0131k ve estetik b\u00fct\u00fcnl\u00fck<\/strong> kazand\u0131r\u0131r. I\u015f\u0131\u011f\u0131 yumu\u015fak bi\u00e7imde yans\u0131tan dokusu sayesinde, hem modern hem de klasik tasar\u0131mlarla kusursuz uyum sa\u011flar. Lucente Peru Me\u015fe, <strong data-start=\"812\" data-end=\"842\">do\u011fall\u0131\u011f\u0131n s\u0131cak \u015f\u0131kl\u0131\u011f\u0131n\u0131<\/strong> ya\u015fam alanlar\u0131na ta\u015f\u0131r.<\/p>","protected":false},"excerpt":{"rendered":"<div>\n<h3 data-start=\"105\" data-end=\"155\">\u2728 <em data-start=\"895\" data-end=\"968\">\u201cPeru me\u015fesinin s\u0131cak tonlar\u0131yla, do\u011fall\u0131\u011f\u0131n rafine esteti\u011fini ke\u015ffet.\u201d<\/em><\/h3>\n<\/div>\n<div><strong data-start=\"437\" data-end=\"449\">\u00d6l\u00e7\u00fcler:<\/strong> En 19,5 cm \u2022 Boy 280 cm \u2022 Kal\u0131nl\u0131k 12 mm<br data-start=\"490\" data-end=\"493\" \/><strong data-start=\"493\" data-end=\"506\">Hammadde:<\/strong> 1. s\u0131n\u0131f MDF<br data-start=\"519\" data-end=\"522\" \/><strong data-start=\"522\" data-end=\"532\">Y\u00fczey:<\/strong> Premium Peru Me\u015fe Kaplama<\/div>\n<p><strong data-start=\"663\" data-end=\"673\">\u00dcr\u00fcn, 1 adet<\/strong>(280cm) <strong data-start=\"663\" data-end=\"673\">\u00fczerinden fiyatland\u0131r\u0131lm\u0131\u015ft\u0131r.<\/strong><\/p>","protected":false},"featured_media":19871,"comment_status":"closed","ping_status":"closed","template":"","meta":[],"product_cat":[119,75],"product_tag":[],"class_list":["post-19361","product","type-product","status-publish","has-post-thumbnail","hentry","product_cat-mdf-panel-serisi","product_cat-duvar-panelleri"],"_links":{"self":[{"href":"https:\/\/aybeyprofil.com\/en\/wp-json\/wp\/v2\/product\/19361","targetHints":{"allow":["GET"]}}],"collection":[{"href":"https:\/\/aybeyprofil.com\/en\/wp-json\/wp\/v2\/product"}],"about":[{"href":"https:\/\/aybeyprofil.com\/en\/wp-json\/wp\/v2\/types\/product"}],"replies":[{"embeddable":true,"href":"https:\/\/aybeyprofil.com\/en\/wp-json\/wp\/v2\/comments?post=19361"}],"version-history":[{"count":2,"href":"https:\/\/aybeyprofil.com\/en\/wp-json\/wp\/v2\/product\/19361\/revisions"}],"predecessor-version":[{"id":19872,"href":"https:\/\/aybeyprofil.com\/en\/wp-json\/wp\/v2\/product\/19361\/revisions\/19872"}],"wp:featuredmedia":[{"embeddable":true,"href":"https:\/\/aybeyprofil.com\/en\/wp-json\/wp\/v2\/media\/19871"}],"wp:attachment":[{"href":"https:\/\/aybeyprofil.com\/en\/wp-json\/wp\/v2\/media?parent=19361"}],"wp:term":[{"taxonomy":"product_cat","embeddable":true,"href":"https:\/\/aybeyprofil.com\/en\/wp-json\/wp\/v2\/product_cat?post=19361"},{"taxonomy":"product_tag","embeddable":true,"href":"https:\/\/aybeyprofil.com\/en\/wp-json\/wp\/v2\/product_tag?post=19361"}],"curies":[{"name":"wp","href":"https:\/\/api.w.org\/{rel}","templated":true}]}}