{"id":19376,"date":"2025-10-09T10:24:09","date_gmt":"2025-10-09T07:24:09","guid":{"rendered":"https:\/\/aybeyprofil.com\/?post_type=product&#038;p=19376"},"modified":"2025-10-22T10:47:56","modified_gmt":"2025-10-22T07:47:56","slug":"lucente-soft-touch-siyah-duvar-paneli","status":"publish","type":"product","link":"https:\/\/aybeyprofil.com\/en\/product\/lucente-soft-touch-siyah-duvar-paneli\/","title":{"rendered":"Lucente Soft Touch Siyah Duvar Paneli"},"content":{"rendered":"<hr data-start=\"83\" data-end=\"86\" \/>\n<h3 data-start=\"96\" data-end=\"143\"><strong data-start=\"100\" data-end=\"141\">Lucente Soft Touch Siyah Duvar Paneli<\/strong><\/h3>\n<p data-start=\"144\" data-end=\"210\"><strong data-start=\"144\" data-end=\"208\">Soft Touch Y\u00fczey \u2013 Asaletin En Saf H\u00e2li, \u0130peksi Bir Derinlik<\/strong><\/p>\n<p data-start=\"212\" data-end=\"544\">Lucente Soft Touch Siyah Duvar Paneli, g\u00fc\u00e7l\u00fc tasar\u0131mlar\u0131n vazge\u00e7ilmezi olan siyah\u0131 <strong data-start=\"295\" data-end=\"319\">ipeksi bir zarafetle<\/strong> yorumlar. Mat dokusunun yumu\u015fakl\u0131\u011f\u0131, mek\u00e2nlara <strong data-start=\"367\" data-end=\"392\">sofistike bir sadelik<\/strong> ve <strong data-start=\"396\" data-end=\"416\">zamans\u0131z bir g\u00fc\u00e7<\/strong> kazand\u0131r\u0131r. Siyah\u0131n asaleti, Soft Touch y\u00fczeyin dokunsal kalitesiyle birle\u015ferek <strong data-start=\"497\" data-end=\"531\">sessiz ama etkileyici bir l\u00fcks<\/strong> olu\u015fturur.<\/p>\n<p data-start=\"546\" data-end=\"678\"><strong data-start=\"546\" data-end=\"558\">\u00d6l\u00e7\u00fcler:<\/strong> En 19,5 cm \u2022 Boy 280 cm \u2022 Kal\u0131nl\u0131k 12 mm<br data-start=\"599\" data-end=\"602\" \/><strong data-start=\"602\" data-end=\"615\">Hammadde:<\/strong> 1. s\u0131n\u0131f MDF<br data-start=\"628\" data-end=\"631\" \/><strong data-start=\"631\" data-end=\"641\">Y\u00fczey:<\/strong> Soft Touch \u2013 Premium Siyah Kaplama<\/p>\n<p data-start=\"680\" data-end=\"969\">Soft Touch teknolojisi, <strong data-start=\"704\" data-end=\"735\">yans\u0131mas\u0131z mat y\u00fczey dokusu<\/strong>, <strong data-start=\"737\" data-end=\"767\">parmak izi tutmayan yap\u0131s\u0131<\/strong> ve <strong data-start=\"771\" data-end=\"797\">ipeksi p\u00fcr\u00fczs\u00fczl\u00fc\u011f\u00fcyle<\/strong> duvarlarda modern bir denge yarat\u0131r. I\u015f\u0131\u011f\u0131 yumu\u015fak bi\u00e7imde k\u0131ran dokusu sayesinde, Lucente Soft Touch Siyah her mek\u00e2nda <strong data-start=\"918\" data-end=\"950\">karakter, derinlik ve asalet<\/strong> hissi uyand\u0131r\u0131r.<\/p>","protected":false},"excerpt":{"rendered":"<div>\n<h3 data-start=\"105\" data-end=\"155\">\u2728 <em data-start=\"996\" data-end=\"1061\">\u201cSoft Touch ile ipeksi derinlik, siyah\u0131n asil g\u00fcc\u00fcyle bulu\u015fur.\u201d<\/em><\/h3>\n<\/div>\n<div><strong data-start=\"546\" data-end=\"558\">\u00d6l\u00e7\u00fcler:<\/strong> En 19,5 cm \u2022 Boy 280 cm \u2022 Kal\u0131nl\u0131k 12 mm<br data-start=\"599\" data-end=\"602\" \/><strong data-start=\"602\" data-end=\"615\">Hammadde:<\/strong> 1. s\u0131n\u0131f MDF<br data-start=\"628\" data-end=\"631\" \/><strong data-start=\"631\" data-end=\"641\">Y\u00fczey:<\/strong> Soft Touch \u2013 Premium Siyah Kaplama<\/div>\n<p><strong data-start=\"663\" data-end=\"673\">\u00dcr\u00fcn, 1 adet<\/strong>(280cm) <strong data-start=\"663\" data-end=\"673\">\u00fczerinden fiyatland\u0131r\u0131lm\u0131\u015ft\u0131r.<\/strong><\/p>","protected":false},"featured_media":19861,"comment_status":"closed","ping_status":"closed","template":"","meta":[],"product_cat":[119,75],"product_tag":[],"class_list":["post-19376","product","type-product","status-publish","has-post-thumbnail","hentry","product_cat-mdf-panel-serisi","product_cat-duvar-panelleri"],"_links":{"self":[{"href":"https:\/\/aybeyprofil.com\/en\/wp-json\/wp\/v2\/product\/19376","targetHints":{"allow":["GET"]}}],"collection":[{"href":"https:\/\/aybeyprofil.com\/en\/wp-json\/wp\/v2\/product"}],"about":[{"href":"https:\/\/aybeyprofil.com\/en\/wp-json\/wp\/v2\/types\/product"}],"replies":[{"embeddable":true,"href":"https:\/\/aybeyprofil.com\/en\/wp-json\/wp\/v2\/comments?post=19376"}],"version-history":[{"count":3,"href":"https:\/\/aybeyprofil.com\/en\/wp-json\/wp\/v2\/product\/19376\/revisions"}],"predecessor-version":[{"id":19863,"href":"https:\/\/aybeyprofil.com\/en\/wp-json\/wp\/v2\/product\/19376\/revisions\/19863"}],"wp:featuredmedia":[{"embeddable":true,"href":"https:\/\/aybeyprofil.com\/en\/wp-json\/wp\/v2\/media\/19861"}],"wp:attachment":[{"href":"https:\/\/aybeyprofil.com\/en\/wp-json\/wp\/v2\/media?parent=19376"}],"wp:term":[{"taxonomy":"product_cat","embeddable":true,"href":"https:\/\/aybeyprofil.com\/en\/wp-json\/wp\/v2\/product_cat?post=19376"},{"taxonomy":"product_tag","embeddable":true,"href":"https:\/\/aybeyprofil.com\/en\/wp-json\/wp\/v2\/product_tag?post=19376"}],"curies":[{"name":"wp","href":"https:\/\/api.w.org\/{rel}","templated":true}]}}