{"id":19380,"date":"2025-10-09T10:27:51","date_gmt":"2025-10-09T07:27:51","guid":{"rendered":"https:\/\/aybeyprofil.com\/?post_type=product&#038;p=19380"},"modified":"2025-10-22T10:45:17","modified_gmt":"2025-10-22T07:45:17","slug":"lucente-soft-touch-yeni-gri-duvar-paneli","status":"publish","type":"product","link":"https:\/\/aybeyprofil.com\/en\/product\/lucente-soft-touch-yeni-gri-duvar-paneli\/","title":{"rendered":"Lucente Soft Touch Yeni Gri Duvar Paneli"},"content":{"rendered":"<hr data-start=\"83\" data-end=\"86\" \/>\n<h3 data-start=\"99\" data-end=\"149\"><strong data-start=\"103\" data-end=\"147\">Lucente Soft Touch Yeni Gri Duvar Paneli<\/strong><\/h3>\n<p data-start=\"150\" data-end=\"210\"><strong data-start=\"150\" data-end=\"208\">Soft Touch Y\u00fczey \u2013 Modern Dinginlik, \u0130peksi Bir \u015e\u0131kl\u0131k<\/strong><\/p>\n<p data-start=\"212\" data-end=\"493\">Lucente Soft Touch Yeni Gri Duvar Paneli, gri tonlar\u0131n\u0131n modern yorumunu <strong data-start=\"285\" data-end=\"312\">sofistike bir sadelikle<\/strong> sunar. Yeni Gri\u2019nin dengeli rengi, mek\u00e2nlara <strong data-start=\"358\" data-end=\"387\">sakin ama g\u00fc\u00e7l\u00fc bir duru\u015f<\/strong> kazand\u0131r\u0131rken; <strong data-start=\"403\" data-end=\"439\">Soft Touch y\u00fczeyin ipeksi dokusu<\/strong> her dokunu\u015fta hissedilen bir l\u00fcks atmosfer yarat\u0131r.<\/p>\n<p data-start=\"495\" data-end=\"630\"><strong data-start=\"495\" data-end=\"507\">\u00d6l\u00e7\u00fcler:<\/strong> En 19,5 cm \u2022 Boy 280 cm \u2022 Kal\u0131nl\u0131k 12 mm<br data-start=\"548\" data-end=\"551\" \/><strong data-start=\"551\" data-end=\"564\">Hammadde:<\/strong> 1. s\u0131n\u0131f MDF<br data-start=\"577\" data-end=\"580\" \/><strong data-start=\"580\" data-end=\"590\">Y\u00fczey:<\/strong> Soft Touch \u2013 Premium Yeni Gri Kaplama<\/p>\n<p data-start=\"632\" data-end=\"976\">Soft Touch teknolojisi, <strong data-start=\"656\" data-end=\"680\">yans\u0131mas\u0131z mat y\u00fczey<\/strong>, <strong data-start=\"682\" data-end=\"710\">parmak izi tutmayan yap\u0131<\/strong> ve <strong data-start=\"714\" data-end=\"744\">p\u00fcr\u00fczs\u00fcz dokunsal hissiyle<\/strong> uzun \u00f6m\u00fcrl\u00fc bir estetik sa\u011flar. I\u015f\u0131\u011f\u0131 zarif bi\u00e7imde yans\u0131tarak duvarlarda <strong data-start=\"819\" data-end=\"855\">estetik denge ve zamans\u0131z l\u00fcks\u00fcn<\/strong> birle\u015fimini olu\u015fturur. Lucente Soft Touch Yeni Gri, modern ya\u015fam alanlar\u0131nda <strong data-start=\"933\" data-end=\"962\">rahatlat\u0131c\u0131 bir sadeli\u011fin<\/strong> simgesidir.<\/p>","protected":false},"excerpt":{"rendered":"<div>\n<h3 data-start=\"105\" data-end=\"155\">\u2728 <em data-start=\"1003\" data-end=\"1067\">\u201cSoft Touch ile ipeksi sadelik, yeni griyle modern bir denge.\u201d<\/em><\/h3>\n<\/div>\n<div><strong data-start=\"495\" data-end=\"507\">\u00d6l\u00e7\u00fcler:<\/strong> En 19,5 cm \u2022 Boy 280 cm \u2022 Kal\u0131nl\u0131k 12 mm<br data-start=\"548\" data-end=\"551\" \/><strong data-start=\"551\" data-end=\"564\">Hammadde:<\/strong> 1. s\u0131n\u0131f MDF<br data-start=\"577\" data-end=\"580\" \/><strong data-start=\"580\" data-end=\"590\">Y\u00fczey:<\/strong> Soft Touch \u2013 Premium Yeni Gri Kaplama<\/div>\n<p><strong data-start=\"663\" data-end=\"673\">\u00dcr\u00fcn, 1 adet<\/strong>(280cm) <strong data-start=\"663\" data-end=\"673\">\u00fczerinden fiyatland\u0131r\u0131lm\u0131\u015ft\u0131r.<\/strong><\/p>","protected":false},"featured_media":19858,"comment_status":"closed","ping_status":"closed","template":"","meta":[],"product_cat":[119,75],"product_tag":[],"class_list":["post-19380","product","type-product","status-publish","has-post-thumbnail","hentry","product_cat-mdf-panel-serisi","product_cat-duvar-panelleri"],"_links":{"self":[{"href":"https:\/\/aybeyprofil.com\/en\/wp-json\/wp\/v2\/product\/19380","targetHints":{"allow":["GET"]}}],"collection":[{"href":"https:\/\/aybeyprofil.com\/en\/wp-json\/wp\/v2\/product"}],"about":[{"href":"https:\/\/aybeyprofil.com\/en\/wp-json\/wp\/v2\/types\/product"}],"replies":[{"embeddable":true,"href":"https:\/\/aybeyprofil.com\/en\/wp-json\/wp\/v2\/comments?post=19380"}],"version-history":[{"count":3,"href":"https:\/\/aybeyprofil.com\/en\/wp-json\/wp\/v2\/product\/19380\/revisions"}],"predecessor-version":[{"id":19859,"href":"https:\/\/aybeyprofil.com\/en\/wp-json\/wp\/v2\/product\/19380\/revisions\/19859"}],"wp:featuredmedia":[{"embeddable":true,"href":"https:\/\/aybeyprofil.com\/en\/wp-json\/wp\/v2\/media\/19858"}],"wp:attachment":[{"href":"https:\/\/aybeyprofil.com\/en\/wp-json\/wp\/v2\/media?parent=19380"}],"wp:term":[{"taxonomy":"product_cat","embeddable":true,"href":"https:\/\/aybeyprofil.com\/en\/wp-json\/wp\/v2\/product_cat?post=19380"},{"taxonomy":"product_tag","embeddable":true,"href":"https:\/\/aybeyprofil.com\/en\/wp-json\/wp\/v2\/product_tag?post=19380"}],"curies":[{"name":"wp","href":"https:\/\/api.w.org\/{rel}","templated":true}]}}