{"id":19401,"date":"2025-10-09T10:59:54","date_gmt":"2025-10-09T07:59:54","guid":{"rendered":"https:\/\/aybeyprofil.com\/?post_type=product&#038;p=19401"},"modified":"2025-10-18T19:42:36","modified_gmt":"2025-10-18T16:42:36","slug":"arden-soft-touch-siyah-duvar-paneli","status":"publish","type":"product","link":"https:\/\/aybeyprofil.com\/en\/product\/arden-soft-touch-siyah-duvar-paneli\/","title":{"rendered":"Arden Soft Touch Siyah Duvar Paneli"},"content":{"rendered":"<hr data-start=\"83\" data-end=\"86\" \/>\n<h3 data-start=\"94\" data-end=\"139\"><strong data-start=\"98\" data-end=\"137\">Arden Soft Touch Siyah Duvar Paneli<\/strong><\/h3>\n<p data-start=\"140\" data-end=\"199\"><strong data-start=\"140\" data-end=\"197\">Soft Touch Y\u00fczey \u2013 Asaletin Duru H\u00e2li, \u0130peksi Bir G\u00fc\u00e7<\/strong><\/p>\n<p data-start=\"201\" data-end=\"493\">Arden Soft Touch Siyah Duvar Paneli, siyah\u0131n g\u00fc\u00e7l\u00fc karakterini <strong data-start=\"264\" data-end=\"287\">sofistike sadelikle<\/strong> yorumlar. Mat siyah\u0131n asaleti, <strong data-start=\"319\" data-end=\"358\">Soft Touch y\u00fczeyin ipeksi dokusuyla<\/strong> birle\u015ferek mek\u00e2nlarda <strong data-start=\"381\" data-end=\"427\">zamans\u0131z bir derinlik ve rafine bir \u015f\u0131kl\u0131k<\/strong> olu\u015fturur. Her detay\u0131yla <strong data-start=\"453\" data-end=\"470\">sessiz l\u00fcks\u00fcn<\/strong> modern yans\u0131mas\u0131d\u0131r.<\/p>\n<p data-start=\"495\" data-end=\"627\"><strong data-start=\"495\" data-end=\"507\">\u00d6l\u00e7\u00fcler:<\/strong> En 15,8 cm \u2022 Boy 280 cm \u2022 Kal\u0131nl\u0131k 12 mm<br data-start=\"548\" data-end=\"551\" \/><strong data-start=\"551\" data-end=\"564\">Hammadde:<\/strong> 1. s\u0131n\u0131f MDF<br data-start=\"577\" data-end=\"580\" \/><strong data-start=\"580\" data-end=\"590\">Y\u00fczey:<\/strong> Soft Touch \u2013 Premium Siyah Kaplama<\/p>\n<p data-start=\"629\" data-end=\"952\">Soft Touch teknolojisi, <strong data-start=\"653\" data-end=\"678\">yans\u0131mas\u0131z mat y\u00fczeyi<\/strong>, <strong data-start=\"680\" data-end=\"710\">parmak izi tutmayan dokusu<\/strong> ve <strong data-start=\"714\" data-end=\"742\">p\u00fcr\u00fczs\u00fcz ipeksi hissiyle<\/strong> g\u00f6rsel ve dokunsal esteti\u011fi bir arada sunar. I\u015f\u0131\u011f\u0131 yumu\u015fak bi\u00e7imde k\u0131rarak duvarlarda <strong data-start=\"829\" data-end=\"872\">asalet, derinlik ve modern bir zariflik<\/strong> olu\u015fturur. Arden Soft Touch Siyah, <strong data-start=\"908\" data-end=\"950\">g\u00fcc\u00fcn ve \u015f\u0131kl\u0131\u011f\u0131n sade bir ifadesidir.<\/strong><\/p>","protected":false},"excerpt":{"rendered":"<div>\n<h3 data-start=\"105\" data-end=\"155\">\u2728 <em data-start=\"979\" data-end=\"1045\">\u201cSoft Touch ile ipeksi derinlik, siyah\u0131n asil g\u00fcc\u00fcyle birle\u015fir.\u201d<\/em><\/h3>\n<\/div>\n<div><strong data-start=\"495\" data-end=\"507\">\u00d6l\u00e7\u00fcler:<\/strong> En 15,8 cm \u2022 Boy 280 cm \u2022 Kal\u0131nl\u0131k 12 mm<br data-start=\"548\" data-end=\"551\" \/><strong data-start=\"551\" data-end=\"564\">Hammadde:<\/strong> 1. s\u0131n\u0131f MDF<br data-start=\"577\" data-end=\"580\" \/><strong data-start=\"580\" data-end=\"590\">Y\u00fczey:<\/strong> Soft Touch \u2013 Premium Siyah Kaplama<\/div>\n<p><strong data-start=\"663\" data-end=\"673\">\u00dcr\u00fcn, 1 adet<\/strong>(280cm) <strong data-start=\"663\" data-end=\"673\">\u00fczerinden fiyatland\u0131r\u0131lm\u0131\u015ft\u0131r.<\/strong><\/p>","protected":false},"featured_media":19838,"comment_status":"closed","ping_status":"closed","template":"","meta":[],"product_cat":[119,75],"product_tag":[],"class_list":["post-19401","product","type-product","status-publish","has-post-thumbnail","hentry","product_cat-mdf-panel-serisi","product_cat-duvar-panelleri"],"_links":{"self":[{"href":"https:\/\/aybeyprofil.com\/en\/wp-json\/wp\/v2\/product\/19401","targetHints":{"allow":["GET"]}}],"collection":[{"href":"https:\/\/aybeyprofil.com\/en\/wp-json\/wp\/v2\/product"}],"about":[{"href":"https:\/\/aybeyprofil.com\/en\/wp-json\/wp\/v2\/types\/product"}],"replies":[{"embeddable":true,"href":"https:\/\/aybeyprofil.com\/en\/wp-json\/wp\/v2\/comments?post=19401"}],"version-history":[{"count":2,"href":"https:\/\/aybeyprofil.com\/en\/wp-json\/wp\/v2\/product\/19401\/revisions"}],"predecessor-version":[{"id":19839,"href":"https:\/\/aybeyprofil.com\/en\/wp-json\/wp\/v2\/product\/19401\/revisions\/19839"}],"wp:featuredmedia":[{"embeddable":true,"href":"https:\/\/aybeyprofil.com\/en\/wp-json\/wp\/v2\/media\/19838"}],"wp:attachment":[{"href":"https:\/\/aybeyprofil.com\/en\/wp-json\/wp\/v2\/media?parent=19401"}],"wp:term":[{"taxonomy":"product_cat","embeddable":true,"href":"https:\/\/aybeyprofil.com\/en\/wp-json\/wp\/v2\/product_cat?post=19401"},{"taxonomy":"product_tag","embeddable":true,"href":"https:\/\/aybeyprofil.com\/en\/wp-json\/wp\/v2\/product_tag?post=19401"}],"curies":[{"name":"wp","href":"https:\/\/api.w.org\/{rel}","templated":true}]}}