{"id":19406,"date":"2025-10-09T11:04:41","date_gmt":"2025-10-09T08:04:41","guid":{"rendered":"https:\/\/aybeyprofil.com\/?post_type=product&#038;p=19406"},"modified":"2025-10-18T19:41:47","modified_gmt":"2025-10-18T16:41:47","slug":"arden-soft-touch-su-yesili-duvar-paneli","status":"publish","type":"product","link":"https:\/\/aybeyprofil.com\/en\/product\/arden-soft-touch-su-yesili-duvar-paneli\/","title":{"rendered":"Arden Soft Touch Su Ye\u015fili Duvar Paneli"},"content":{"rendered":"<hr data-start=\"83\" data-end=\"86\" \/>\n<h3 data-start=\"98\" data-end=\"147\"><strong data-start=\"102\" data-end=\"145\">Arden Soft Touch Su Ye\u015fili Duvar Paneli<\/strong><\/h3>\n<p data-start=\"148\" data-end=\"207\"><strong data-start=\"148\" data-end=\"205\">Soft Touch Y\u00fczey \u2013 Do\u011fadan \u0130lham Alan \u0130peksi Ferahl\u0131k<\/strong><\/p>\n<p data-start=\"209\" data-end=\"522\">Arden Soft Touch Su Ye\u015fili Duvar Paneli, do\u011fan\u0131n huzur veren tonlar\u0131n\u0131 <strong data-start=\"280\" data-end=\"298\">modern sadelik<\/strong> anlay\u0131\u015f\u0131yla yeniden yorumlar. Su Ye\u015fili\u2019nin dingin rengi, mek\u00e2nlara <strong data-start=\"367\" data-end=\"394\">ferah, yumu\u015fak ve zarif<\/strong> bir atmosfer kazand\u0131r\u0131rken; <strong data-start=\"423\" data-end=\"459\">Soft Touch y\u00fczeyin ipeksi dokusu<\/strong> duvarlarda <strong data-start=\"471\" data-end=\"509\">do\u011fal bir zarafet ve estetik denge<\/strong> olu\u015fturur.<\/p>\n<p data-start=\"524\" data-end=\"660\"><strong data-start=\"524\" data-end=\"536\">\u00d6l\u00e7\u00fcler:<\/strong> En 15,8 cm \u2022 Boy 280 cm \u2022 Kal\u0131nl\u0131k 12 mm<br data-start=\"577\" data-end=\"580\" \/><strong data-start=\"580\" data-end=\"593\">Hammadde:<\/strong> 1. s\u0131n\u0131f MDF<br data-start=\"606\" data-end=\"609\" \/><strong data-start=\"609\" data-end=\"619\">Y\u00fczey:<\/strong> Soft Touch \u2013 Premium Su Ye\u015fili Kaplama<\/p>\n<p data-start=\"662\" data-end=\"968\">Soft Touch teknolojisi, <strong data-start=\"686\" data-end=\"710\">yans\u0131mas\u0131z mat y\u00fczey<\/strong>, <strong data-start=\"712\" data-end=\"740\">parmak izi tutmayan yap\u0131<\/strong> ve <strong data-start=\"744\" data-end=\"774\">p\u00fcr\u00fczs\u00fcz dokunsal hissiyle<\/strong> estetik ve konforu birle\u015ftirir. I\u015f\u0131\u011f\u0131 nazik\u00e7e yans\u0131tan y\u00fczeyi, mek\u00e2nlarda <strong data-start=\"849\" data-end=\"877\">rahatlat\u0131c\u0131 bir b\u00fct\u00fcnl\u00fck<\/strong> sa\u011flar. Arden Soft Touch Su Ye\u015fili, <strong data-start=\"914\" data-end=\"957\">modern mek\u00e2nlarda do\u011fan\u0131n dingin ruhunu<\/strong> ya\u015fat\u0131r.<\/p>","protected":false},"excerpt":{"rendered":"<div>\n<h3 data-start=\"105\" data-end=\"155\">\u2728 <em data-start=\"995\" data-end=\"1060\">\u201cSoft Touch ile ipeksi ferahl\u0131k, su ye\u015filiyle do\u011fal bir denge.\u201d<\/em><\/h3>\n<\/div>\n<div><strong data-start=\"524\" data-end=\"536\">\u00d6l\u00e7\u00fcler:<\/strong> En 15,8 cm \u2022 Boy 280 cm \u2022 Kal\u0131nl\u0131k 12 mm<br data-start=\"577\" data-end=\"580\" \/><strong data-start=\"580\" data-end=\"593\">Hammadde:<\/strong> 1. s\u0131n\u0131f MDF<br data-start=\"606\" data-end=\"609\" \/><strong data-start=\"609\" data-end=\"619\">Y\u00fczey:<\/strong> Soft Touch \u2013 Premium Su Ye\u015fili Kaplama<\/div>\n<p><strong data-start=\"663\" data-end=\"673\">\u00dcr\u00fcn, 1 adet<\/strong>(280cm) <strong data-start=\"663\" data-end=\"673\">\u00fczerinden fiyatland\u0131r\u0131lm\u0131\u015ft\u0131r.<\/strong><\/p>","protected":false},"featured_media":19835,"comment_status":"closed","ping_status":"closed","template":"","meta":[],"product_cat":[119,75],"product_tag":[],"class_list":["post-19406","product","type-product","status-publish","has-post-thumbnail","hentry","product_cat-mdf-panel-serisi","product_cat-duvar-panelleri"],"_links":{"self":[{"href":"https:\/\/aybeyprofil.com\/en\/wp-json\/wp\/v2\/product\/19406","targetHints":{"allow":["GET"]}}],"collection":[{"href":"https:\/\/aybeyprofil.com\/en\/wp-json\/wp\/v2\/product"}],"about":[{"href":"https:\/\/aybeyprofil.com\/en\/wp-json\/wp\/v2\/types\/product"}],"replies":[{"embeddable":true,"href":"https:\/\/aybeyprofil.com\/en\/wp-json\/wp\/v2\/comments?post=19406"}],"version-history":[{"count":2,"href":"https:\/\/aybeyprofil.com\/en\/wp-json\/wp\/v2\/product\/19406\/revisions"}],"predecessor-version":[{"id":19836,"href":"https:\/\/aybeyprofil.com\/en\/wp-json\/wp\/v2\/product\/19406\/revisions\/19836"}],"wp:featuredmedia":[{"embeddable":true,"href":"https:\/\/aybeyprofil.com\/en\/wp-json\/wp\/v2\/media\/19835"}],"wp:attachment":[{"href":"https:\/\/aybeyprofil.com\/en\/wp-json\/wp\/v2\/media?parent=19406"}],"wp:term":[{"taxonomy":"product_cat","embeddable":true,"href":"https:\/\/aybeyprofil.com\/en\/wp-json\/wp\/v2\/product_cat?post=19406"},{"taxonomy":"product_tag","embeddable":true,"href":"https:\/\/aybeyprofil.com\/en\/wp-json\/wp\/v2\/product_tag?post=19406"}],"curies":[{"name":"wp","href":"https:\/\/api.w.org\/{rel}","templated":true}]}}