{"id":19416,"date":"2025-10-09T11:14:29","date_gmt":"2025-10-09T08:14:29","guid":{"rendered":"https:\/\/aybeyprofil.com\/?post_type=product&#038;p=19416"},"modified":"2025-10-18T19:40:18","modified_gmt":"2025-10-18T16:40:18","slug":"arden-supramat-pasifik-mavi-duvar-paneli","status":"publish","type":"product","link":"https:\/\/aybeyprofil.com\/en\/product\/arden-supramat-pasifik-mavi-duvar-paneli\/","title":{"rendered":"Arden Supramat Pasifik Mavi Duvar Paneli"},"content":{"rendered":"<hr data-start=\"83\" data-end=\"86\" \/>\n<h3 data-start=\"99\" data-end=\"149\"><strong data-start=\"103\" data-end=\"147\">Arden Supramat Pasifik Mavi Duvar Paneli<\/strong><\/h3>\n<p data-start=\"150\" data-end=\"204\"><strong data-start=\"150\" data-end=\"202\">Supramat Y\u00fczey \u2013 Derin Bir Mavi, Sessiz Bir L\u00fcks<\/strong><\/p>\n<p data-start=\"206\" data-end=\"517\">Arden Supramat Pasifik Mavi Duvar Paneli, denizin dinginli\u011fini modern tasar\u0131m \u00e7izgileriyle bulu\u015fturur. Pasifik Mavi tonunun huzur veren etkisi, mek\u00e2nlara <strong data-start=\"360\" data-end=\"388\">rahatlat\u0131c\u0131 bir atmosfer<\/strong> ve <strong data-start=\"392\" data-end=\"415\">sofistike bir duru\u015f<\/strong> kazand\u0131r\u0131rken; <strong data-start=\"431\" data-end=\"469\">Supramat y\u00fczeyin ipeksi mat dokusu<\/strong>, duvarlarda <strong data-start=\"482\" data-end=\"504\">zarif bir derinlik<\/strong> olu\u015fturur.<\/p>\n<p data-start=\"519\" data-end=\"656\"><strong data-start=\"519\" data-end=\"531\">\u00d6l\u00e7\u00fcler:<\/strong> En 15,8 cm \u2022 Boy 280 cm \u2022 Kal\u0131nl\u0131k 12 mm<br data-start=\"572\" data-end=\"575\" \/><strong data-start=\"575\" data-end=\"588\">Hammadde:<\/strong> 1. s\u0131n\u0131f MDF<br data-start=\"601\" data-end=\"604\" \/><strong data-start=\"604\" data-end=\"614\">Y\u00fczey:<\/strong> Supramat \u2013 Premium Pasifik Mavi Kaplama<\/p>\n<p data-start=\"658\" data-end=\"965\">Supramat teknolojisi, <strong data-start=\"680\" data-end=\"710\">parmak izi tutmayan y\u00fczeyi<\/strong>, <strong data-start=\"712\" data-end=\"739\">yans\u0131mas\u0131z mat g\u00f6r\u00fcn\u00fcm\u00fc<\/strong> ve <strong data-start=\"743\" data-end=\"765\">y\u00fcksek dayan\u0131m\u0131yla<\/strong> uzun \u00f6m\u00fcrl\u00fc bir estetik sunar. I\u015f\u0131\u011f\u0131 yumu\u015fak bi\u00e7imde k\u0131rarak duvarlarda <strong data-start=\"838\" data-end=\"884\">estetik bir denge ve zamans\u0131z bir ferahl\u0131k<\/strong> sa\u011flar. Arden Supramat Pasifik Mavi, <strong data-start=\"922\" data-end=\"946\">mavinin sakin g\u00fcc\u00fcn\u00fc<\/strong> mek\u00e2nlara ta\u015f\u0131r.<\/p>","protected":false},"excerpt":{"rendered":"<div>\n<h3 data-start=\"105\" data-end=\"155\">\u2728 <em data-start=\"992\" data-end=\"1061\">\u201cSupramat ile ipeksi matl\u0131k, Pasifik mavisiyle zarif bir ferahl\u0131k.\u201d<\/em><\/h3>\n<\/div>\n<div><strong data-start=\"519\" data-end=\"531\">\u00d6l\u00e7\u00fcler:<\/strong> En 15,8 cm \u2022 Boy 280 cm \u2022 Kal\u0131nl\u0131k 12 mm<br data-start=\"572\" data-end=\"575\" \/><strong data-start=\"575\" data-end=\"588\">Hammadde:<\/strong> 1. s\u0131n\u0131f MDF<br data-start=\"601\" data-end=\"604\" \/><strong data-start=\"604\" data-end=\"614\">Y\u00fczey:<\/strong> Supramat \u2013 Premium Pasifik Mavi Kaplama<\/div>\n<p><strong data-start=\"663\" data-end=\"673\">\u00dcr\u00fcn, 1 adet<\/strong>(280cm) <strong data-start=\"663\" data-end=\"673\">\u00fczerinden fiyatland\u0131r\u0131lm\u0131\u015ft\u0131r.<\/strong><\/p>","protected":false},"featured_media":19829,"comment_status":"closed","ping_status":"closed","template":"","meta":[],"product_cat":[119,75],"product_tag":[],"class_list":["post-19416","product","type-product","status-publish","has-post-thumbnail","hentry","product_cat-mdf-panel-serisi","product_cat-duvar-panelleri"],"_links":{"self":[{"href":"https:\/\/aybeyprofil.com\/en\/wp-json\/wp\/v2\/product\/19416","targetHints":{"allow":["GET"]}}],"collection":[{"href":"https:\/\/aybeyprofil.com\/en\/wp-json\/wp\/v2\/product"}],"about":[{"href":"https:\/\/aybeyprofil.com\/en\/wp-json\/wp\/v2\/types\/product"}],"replies":[{"embeddable":true,"href":"https:\/\/aybeyprofil.com\/en\/wp-json\/wp\/v2\/comments?post=19416"}],"version-history":[{"count":2,"href":"https:\/\/aybeyprofil.com\/en\/wp-json\/wp\/v2\/product\/19416\/revisions"}],"predecessor-version":[{"id":19830,"href":"https:\/\/aybeyprofil.com\/en\/wp-json\/wp\/v2\/product\/19416\/revisions\/19830"}],"wp:featuredmedia":[{"embeddable":true,"href":"https:\/\/aybeyprofil.com\/en\/wp-json\/wp\/v2\/media\/19829"}],"wp:attachment":[{"href":"https:\/\/aybeyprofil.com\/en\/wp-json\/wp\/v2\/media?parent=19416"}],"wp:term":[{"taxonomy":"product_cat","embeddable":true,"href":"https:\/\/aybeyprofil.com\/en\/wp-json\/wp\/v2\/product_cat?post=19416"},{"taxonomy":"product_tag","embeddable":true,"href":"https:\/\/aybeyprofil.com\/en\/wp-json\/wp\/v2\/product_tag?post=19416"}],"curies":[{"name":"wp","href":"https:\/\/api.w.org\/{rel}","templated":true}]}}