{"id":19427,"date":"2025-10-09T11:25:24","date_gmt":"2025-10-09T08:25:24","guid":{"rendered":"https:\/\/aybeyprofil.com\/?post_type=product&#038;p=19427"},"modified":"2025-10-18T19:38:58","modified_gmt":"2025-10-18T16:38:58","slug":"arden-supramat-zamansiz-gri-duvar-paneli","status":"publish","type":"product","link":"https:\/\/aybeyprofil.com\/en\/product\/arden-supramat-zamansiz-gri-duvar-paneli\/","title":{"rendered":"Arden Supramat Zamans\u0131z Gri Duvar Paneli"},"content":{"rendered":"<hr data-start=\"83\" data-end=\"86\" \/>\n<h3 data-start=\"99\" data-end=\"149\"><strong data-start=\"103\" data-end=\"147\">Arden Supramat Zamans\u0131z Gri Duvar Paneli<\/strong><\/h3>\n<p data-start=\"150\" data-end=\"202\"><strong data-start=\"150\" data-end=\"200\">Supramat Y\u00fczey \u2013 Sessiz G\u00fc\u00e7, Modern Bir Asalet<\/strong><\/p>\n<p data-start=\"204\" data-end=\"519\">Arden Supramat Zamans\u0131z Gri Duvar Paneli, grinin dengeli tonlar\u0131n\u0131 <strong data-start=\"271\" data-end=\"294\">sofistike sadelikle<\/strong> yorumlar. Zamans\u0131z Gri\u2019nin kararl\u0131 ve dingin rengi, mek\u00e2nlara <strong data-start=\"357\" data-end=\"379\">modern bir zarafet<\/strong> ve <strong data-start=\"383\" data-end=\"408\">rahatlat\u0131c\u0131 bir denge<\/strong> kazand\u0131r\u0131rken; <strong data-start=\"424\" data-end=\"462\">Supramat y\u00fczeyin ipeksi mat dokusu<\/strong> duvarlarda <strong data-start=\"474\" data-end=\"508\">sessiz ama etkileyici bir l\u00fcks<\/strong> yarat\u0131r.<\/p>\n<p data-start=\"521\" data-end=\"658\"><strong data-start=\"521\" data-end=\"533\">\u00d6l\u00e7\u00fcler:<\/strong> En 15,8 cm \u2022 Boy 280 cm \u2022 Kal\u0131nl\u0131k 12 mm<br data-start=\"574\" data-end=\"577\" \/><strong data-start=\"577\" data-end=\"590\">Hammadde:<\/strong> 1. s\u0131n\u0131f MDF<br data-start=\"603\" data-end=\"606\" \/><strong data-start=\"606\" data-end=\"616\">Y\u00fczey:<\/strong> Supramat \u2013 Premium Zamans\u0131z Gri Kaplama<\/p>\n<p data-start=\"660\" data-end=\"976\">Supramat teknolojisi, <strong data-start=\"682\" data-end=\"707\">yans\u0131mas\u0131z mat y\u00fczeyi<\/strong>, <strong data-start=\"709\" data-end=\"739\">parmak izi tutmayan yap\u0131s\u0131<\/strong> ve <strong data-start=\"743\" data-end=\"772\">y\u00fcksek \u00e7izilme direnciyle<\/strong> estetik ve dayan\u0131kl\u0131l\u0131\u011f\u0131 bir araya getirir. I\u015f\u0131\u011f\u0131 zarif bi\u00e7imde yans\u0131tarak mek\u00e2nlarda <strong data-start=\"859\" data-end=\"900\">modern sadelik ve rafine bir b\u00fct\u00fcnl\u00fck<\/strong> olu\u015fturur. Arden Supramat Zamans\u0131z Gri, <strong data-start=\"941\" data-end=\"974\">minimalizmin asil ifadesidir.<\/strong><\/p>","protected":false},"excerpt":{"rendered":"<div>\n<h3 data-start=\"105\" data-end=\"155\">\u2728 <em data-start=\"1003\" data-end=\"1070\">\u201cSupramat ile ipeksi matl\u0131k, grinin zamans\u0131z asaletinde bulu\u015fur.\u201d<\/em><\/h3>\n<\/div>\n<div><strong data-start=\"521\" data-end=\"533\">\u00d6l\u00e7\u00fcler:<\/strong> En 15,8 cm \u2022 Boy 280 cm \u2022 Kal\u0131nl\u0131k 12 mm<br data-start=\"574\" data-end=\"577\" \/><strong data-start=\"577\" data-end=\"590\">Hammadde:<\/strong> 1. s\u0131n\u0131f MDF<br data-start=\"603\" data-end=\"606\" \/><strong data-start=\"606\" data-end=\"616\">Y\u00fczey:<\/strong> Supramat \u2013 Premium Zamans\u0131z Gri Kaplama<\/div>\n<p><strong data-start=\"663\" data-end=\"673\">\u00dcr\u00fcn, 1 adet<\/strong>(280cm) <strong data-start=\"663\" data-end=\"673\">\u00fczerinden fiyatland\u0131r\u0131lm\u0131\u015ft\u0131r.<\/strong><\/p>","protected":false},"featured_media":19823,"comment_status":"closed","ping_status":"closed","template":"","meta":[],"product_cat":[119,75],"product_tag":[],"class_list":["post-19427","product","type-product","status-publish","has-post-thumbnail","hentry","product_cat-mdf-panel-serisi","product_cat-duvar-panelleri"],"_links":{"self":[{"href":"https:\/\/aybeyprofil.com\/en\/wp-json\/wp\/v2\/product\/19427","targetHints":{"allow":["GET"]}}],"collection":[{"href":"https:\/\/aybeyprofil.com\/en\/wp-json\/wp\/v2\/product"}],"about":[{"href":"https:\/\/aybeyprofil.com\/en\/wp-json\/wp\/v2\/types\/product"}],"replies":[{"embeddable":true,"href":"https:\/\/aybeyprofil.com\/en\/wp-json\/wp\/v2\/comments?post=19427"}],"version-history":[{"count":2,"href":"https:\/\/aybeyprofil.com\/en\/wp-json\/wp\/v2\/product\/19427\/revisions"}],"predecessor-version":[{"id":19824,"href":"https:\/\/aybeyprofil.com\/en\/wp-json\/wp\/v2\/product\/19427\/revisions\/19824"}],"wp:featuredmedia":[{"embeddable":true,"href":"https:\/\/aybeyprofil.com\/en\/wp-json\/wp\/v2\/media\/19823"}],"wp:attachment":[{"href":"https:\/\/aybeyprofil.com\/en\/wp-json\/wp\/v2\/media?parent=19427"}],"wp:term":[{"taxonomy":"product_cat","embeddable":true,"href":"https:\/\/aybeyprofil.com\/en\/wp-json\/wp\/v2\/product_cat?post=19427"},{"taxonomy":"product_tag","embeddable":true,"href":"https:\/\/aybeyprofil.com\/en\/wp-json\/wp\/v2\/product_tag?post=19427"}],"curies":[{"name":"wp","href":"https:\/\/api.w.org\/{rel}","templated":true}]}}