{"id":19442,"date":"2025-10-09T11:41:32","date_gmt":"2025-10-09T08:41:32","guid":{"rendered":"https:\/\/aybeyprofil.com\/?post_type=product&#038;p=19442"},"modified":"2025-10-18T19:34:51","modified_gmt":"2025-10-18T16:34:51","slug":"arden-acik-ceviz-duvar-paneli","status":"publish","type":"product","link":"https:\/\/aybeyprofil.com\/en\/product\/arden-acik-ceviz-duvar-paneli\/","title":{"rendered":"Arden A\u00e7\u0131k Ceviz Duvar Paneli"},"content":{"rendered":"<hr data-start=\"83\" data-end=\"86\" \/>\n<h3 data-start=\"88\" data-end=\"127\"><strong data-start=\"92\" data-end=\"125\">Arden A\u00e7\u0131k Ceviz Duvar Paneli<\/strong><\/h3>\n<p data-start=\"128\" data-end=\"182\"><strong data-start=\"128\" data-end=\"180\">Premium Kaplama \u2013 Do\u011fal I\u015f\u0131lt\u0131, S\u0131cak Bir Asalet<\/strong><\/p>\n<p data-start=\"184\" data-end=\"496\">Arden A\u00e7\u0131k Ceviz Duvar Paneli, ceviz a\u011fac\u0131n\u0131n zarif damar yap\u0131s\u0131n\u0131 ve do\u011fal s\u0131cak tonlar\u0131n\u0131 modern mek\u00e2nlara ta\u015f\u0131r. A\u00e7\u0131k ceviz renginin yumu\u015fak ge\u00e7i\u015fleri, ya\u015fam alanlar\u0131nda <strong data-start=\"357\" data-end=\"376\">do\u011fal bir denge<\/strong> ve <strong data-start=\"380\" data-end=\"408\">rahatlat\u0131c\u0131 bir s\u0131cakl\u0131k<\/strong> olu\u015fturur. Her detay\u0131nda <strong data-start=\"434\" data-end=\"466\">do\u011fall\u0131\u011f\u0131n rafine esteti\u011fini<\/strong> hissettiren bir tasar\u0131md\u0131r.<\/p>\n<p data-start=\"498\" data-end=\"622\"><strong data-start=\"498\" data-end=\"510\">\u00d6l\u00e7\u00fcler:<\/strong> En 15,8 cm \u2022 Boy 280 cm \u2022 Kal\u0131nl\u0131k 12 mm<br data-start=\"551\" data-end=\"554\" \/><strong data-start=\"554\" data-end=\"567\">Hammadde:<\/strong> 1. s\u0131n\u0131f MDF<br data-start=\"580\" data-end=\"583\" \/><strong data-start=\"583\" data-end=\"593\">Y\u00fczey:<\/strong> Premium A\u00e7\u0131k Ceviz Kaplama<\/p>\n<p data-start=\"624\" data-end=\"923\">Premium kaplama teknolojisi, ah\u015fab\u0131n do\u011fal dokusunu koruyarak y\u00fczeye <strong data-start=\"693\" data-end=\"719\">ipeksi mat bir g\u00f6r\u00fcn\u00fcm<\/strong> kazand\u0131r\u0131r. I\u015f\u0131\u011f\u0131 yumu\u015fak bi\u00e7imde yans\u0131tan y\u00fczeyi, duvarlarda <strong data-start=\"782\" data-end=\"825\">zamans\u0131z bir \u015f\u0131kl\u0131k ve estetik b\u00fct\u00fcnl\u00fck<\/strong> sa\u011flar. Arden A\u00e7\u0131k Ceviz, <strong data-start=\"852\" data-end=\"896\">do\u011fan\u0131n s\u0131cak tonlar\u0131n\u0131 modern zarafetle<\/strong> bulu\u015fturan bir se\u00e7imdir.<\/p>","protected":false},"excerpt":{"rendered":"<div>\n<h3 data-start=\"105\" data-end=\"155\">\u2728 <em data-start=\"950\" data-end=\"1008\">\u201cA\u00e7\u0131k ceviz tonuyla, do\u011fall\u0131\u011f\u0131n s\u0131cak \u015f\u0131kl\u0131\u011f\u0131n\u0131 ke\u015ffet.\u201d<\/em><\/h3>\n<\/div>\n<div><strong data-start=\"498\" data-end=\"510\">\u00d6l\u00e7\u00fcler:<\/strong> En 15,8 cm \u2022 Boy 280 cm \u2022 Kal\u0131nl\u0131k 12 mm<br data-start=\"551\" data-end=\"554\" \/><strong data-start=\"554\" data-end=\"567\">Hammadde:<\/strong> 1. s\u0131n\u0131f MDF<br data-start=\"580\" data-end=\"583\" \/><strong data-start=\"583\" data-end=\"593\">Y\u00fczey:<\/strong> Premium A\u00e7\u0131k Ceviz Kaplama<\/div>\n<p><strong data-start=\"663\" data-end=\"673\">\u00dcr\u00fcn, 1 adet<\/strong>(280cm) <strong data-start=\"663\" data-end=\"673\">\u00fczerinden fiyatland\u0131r\u0131lm\u0131\u015ft\u0131r.<\/strong><\/p>","protected":false},"featured_media":19814,"comment_status":"closed","ping_status":"closed","template":"","meta":[],"product_cat":[119,75],"product_tag":[],"class_list":["post-19442","product","type-product","status-publish","has-post-thumbnail","hentry","product_cat-mdf-panel-serisi","product_cat-duvar-panelleri"],"_links":{"self":[{"href":"https:\/\/aybeyprofil.com\/en\/wp-json\/wp\/v2\/product\/19442","targetHints":{"allow":["GET"]}}],"collection":[{"href":"https:\/\/aybeyprofil.com\/en\/wp-json\/wp\/v2\/product"}],"about":[{"href":"https:\/\/aybeyprofil.com\/en\/wp-json\/wp\/v2\/types\/product"}],"replies":[{"embeddable":true,"href":"https:\/\/aybeyprofil.com\/en\/wp-json\/wp\/v2\/comments?post=19442"}],"version-history":[{"count":2,"href":"https:\/\/aybeyprofil.com\/en\/wp-json\/wp\/v2\/product\/19442\/revisions"}],"predecessor-version":[{"id":19815,"href":"https:\/\/aybeyprofil.com\/en\/wp-json\/wp\/v2\/product\/19442\/revisions\/19815"}],"wp:featuredmedia":[{"embeddable":true,"href":"https:\/\/aybeyprofil.com\/en\/wp-json\/wp\/v2\/media\/19814"}],"wp:attachment":[{"href":"https:\/\/aybeyprofil.com\/en\/wp-json\/wp\/v2\/media?parent=19442"}],"wp:term":[{"taxonomy":"product_cat","embeddable":true,"href":"https:\/\/aybeyprofil.com\/en\/wp-json\/wp\/v2\/product_cat?post=19442"},{"taxonomy":"product_tag","embeddable":true,"href":"https:\/\/aybeyprofil.com\/en\/wp-json\/wp\/v2\/product_tag?post=19442"}],"curies":[{"name":"wp","href":"https:\/\/api.w.org\/{rel}","templated":true}]}}