{"id":19447,"date":"2025-10-09T11:46:28","date_gmt":"2025-10-09T08:46:28","guid":{"rendered":"https:\/\/aybeyprofil.com\/?post_type=product&#038;p=19447"},"modified":"2025-10-18T19:34:03","modified_gmt":"2025-10-18T16:34:03","slug":"arden-natural-touch-mese-duvar-paneli","status":"publish","type":"product","link":"https:\/\/aybeyprofil.com\/en\/product\/arden-natural-touch-mese-duvar-paneli\/","title":{"rendered":"Arden Natural Touch Me\u015fe Duvar Paneli"},"content":{"rendered":"<hr data-start=\"83\" data-end=\"86\" \/>\n<h3 data-start=\"96\" data-end=\"143\"><strong data-start=\"100\" data-end=\"141\">Arden Natural Touch Me\u015fe Duvar Paneli<\/strong><\/h3>\n<p data-start=\"144\" data-end=\"203\"><strong data-start=\"144\" data-end=\"201\">Natural Touch Y\u00fczey \u2013 Ger\u00e7ek Dokuda, Do\u011fal Bir \u015e\u0131kl\u0131k<\/strong><\/p>\n<p data-start=\"205\" data-end=\"485\">Arden Natural Touch Me\u015fe Duvar Paneli, me\u015fenin do\u011fal damar yap\u0131s\u0131n\u0131 <strong data-start=\"273\" data-end=\"293\">ger\u00e7ek dokusuyla<\/strong> mek\u00e2nlara ta\u015f\u0131r. Do\u011fadan gelen s\u0131cak tonlar, duvarlarda <strong data-start=\"350\" data-end=\"387\">sakin ama etkileyici bir atmosfer<\/strong> olu\u015ftururken; <strong data-start=\"402\" data-end=\"437\">Natural Touch y\u00fczey teknolojisi<\/strong> ile her detayda <strong data-start=\"454\" data-end=\"476\">ger\u00e7ek ah\u015fap hissi<\/strong> sunar.<\/p>\n<p data-start=\"487\" data-end=\"621\"><strong data-start=\"487\" data-end=\"499\">\u00d6l\u00e7\u00fcler:<\/strong> En 15,8 cm \u2022 Boy 280 cm \u2022 Kal\u0131nl\u0131k 12 mm<br data-start=\"540\" data-end=\"543\" \/><strong data-start=\"543\" data-end=\"556\">Hammadde:<\/strong> 1. s\u0131n\u0131f MDF<br data-start=\"569\" data-end=\"572\" \/><strong data-start=\"572\" data-end=\"582\">Y\u00fczey:<\/strong> Natural Touch \u2013 Premium Me\u015fe Kaplama<\/p>\n<p data-start=\"623\" data-end=\"945\">Natural Touch teknolojisi, y\u00fczeye mikro kabartmal\u0131 bir doku kazand\u0131rarak <strong data-start=\"696\" data-end=\"721\">dokunsal bir derinlik<\/strong> ve <strong data-start=\"725\" data-end=\"745\">g\u00f6rsel ger\u00e7eklik<\/strong> sa\u011flar. I\u015f\u0131\u011f\u0131 do\u011fal bi\u00e7imde yans\u0131tan y\u00fczeyiyle mek\u00e2nlara <strong data-start=\"803\" data-end=\"846\">s\u0131cakl\u0131k, denge ve zamans\u0131z bir estetik<\/strong> kazand\u0131r\u0131r. Arden Natural Touch Me\u015fe, <strong data-start=\"885\" data-end=\"936\">do\u011fan\u0131n saf karakterini modern ya\u015fam alanlar\u0131na<\/strong> ta\u015f\u0131r.<\/p>","protected":false},"excerpt":{"rendered":"<div>\n<h3 data-start=\"105\" data-end=\"155\">\u2728 <em data-start=\"972\" data-end=\"1045\">\u201cNatural Touch ile ger\u00e7ek dokuyu hisset, me\u015fenin do\u011fal \u015f\u0131kl\u0131\u011f\u0131n\u0131 ya\u015fa.\u201d<\/em><\/h3>\n<\/div>\n<div><strong data-start=\"487\" data-end=\"499\">\u00d6l\u00e7\u00fcler:<\/strong> En 15,8 cm \u2022 Boy 280 cm \u2022 Kal\u0131nl\u0131k 12 mm<br data-start=\"540\" data-end=\"543\" \/><strong data-start=\"543\" data-end=\"556\">Hammadde:<\/strong> 1. s\u0131n\u0131f MDF<br data-start=\"569\" data-end=\"572\" \/><strong data-start=\"572\" data-end=\"582\">Y\u00fczey:<\/strong> Natural Touch \u2013 Premium Me\u015fe Kaplama<\/div>\n<p><strong data-start=\"663\" data-end=\"673\">\u00dcr\u00fcn, 1 adet<\/strong>(280cm) <strong data-start=\"663\" data-end=\"673\">\u00fczerinden fiyatland\u0131r\u0131lm\u0131\u015ft\u0131r.<\/strong><\/p>","protected":false},"featured_media":19811,"comment_status":"closed","ping_status":"closed","template":"","meta":[],"product_cat":[119,75],"product_tag":[],"class_list":["post-19447","product","type-product","status-publish","has-post-thumbnail","hentry","product_cat-mdf-panel-serisi","product_cat-duvar-panelleri"],"_links":{"self":[{"href":"https:\/\/aybeyprofil.com\/en\/wp-json\/wp\/v2\/product\/19447","targetHints":{"allow":["GET"]}}],"collection":[{"href":"https:\/\/aybeyprofil.com\/en\/wp-json\/wp\/v2\/product"}],"about":[{"href":"https:\/\/aybeyprofil.com\/en\/wp-json\/wp\/v2\/types\/product"}],"replies":[{"embeddable":true,"href":"https:\/\/aybeyprofil.com\/en\/wp-json\/wp\/v2\/comments?post=19447"}],"version-history":[{"count":2,"href":"https:\/\/aybeyprofil.com\/en\/wp-json\/wp\/v2\/product\/19447\/revisions"}],"predecessor-version":[{"id":19812,"href":"https:\/\/aybeyprofil.com\/en\/wp-json\/wp\/v2\/product\/19447\/revisions\/19812"}],"wp:featuredmedia":[{"embeddable":true,"href":"https:\/\/aybeyprofil.com\/en\/wp-json\/wp\/v2\/media\/19811"}],"wp:attachment":[{"href":"https:\/\/aybeyprofil.com\/en\/wp-json\/wp\/v2\/media?parent=19447"}],"wp:term":[{"taxonomy":"product_cat","embeddable":true,"href":"https:\/\/aybeyprofil.com\/en\/wp-json\/wp\/v2\/product_cat?post=19447"},{"taxonomy":"product_tag","embeddable":true,"href":"https:\/\/aybeyprofil.com\/en\/wp-json\/wp\/v2\/product_tag?post=19447"}],"curies":[{"name":"wp","href":"https:\/\/api.w.org\/{rel}","templated":true}]}}