{"id":19457,"date":"2025-10-09T11:57:25","date_gmt":"2025-10-09T08:57:25","guid":{"rendered":"https:\/\/aybeyprofil.com\/?post_type=product&#038;p=19457"},"modified":"2025-10-18T19:30:49","modified_gmt":"2025-10-18T16:30:49","slug":"arden-teak-duvar-paneli","status":"publish","type":"product","link":"https:\/\/aybeyprofil.com\/en\/product\/arden-teak-duvar-paneli\/","title":{"rendered":"Arden Teak Duvar Paneli"},"content":{"rendered":"<hr data-start=\"83\" data-end=\"86\" \/>\n<h3 data-start=\"82\" data-end=\"115\"><strong data-start=\"86\" data-end=\"113\">Arden Teak Duvar Paneli<\/strong><\/h3>\n<p data-start=\"116\" data-end=\"179\"><strong data-start=\"116\" data-end=\"177\">Premium Kaplama \u2013 Do\u011fan\u0131n S\u0131cak Tonlar\u0131nda Rafine Bir G\u00fc\u00e7<\/strong><\/p>\n<p data-start=\"181\" data-end=\"458\">Arden Teak Duvar Paneli, teak a\u011fac\u0131n\u0131n karakteristik s\u0131cak kahve tonlar\u0131n\u0131 <strong data-start=\"256\" data-end=\"278\">modern bir yorumla<\/strong> yeniden hayata ge\u00e7irir. Teak\u2019in do\u011fal dokusu, duvarlarda <strong data-start=\"336\" data-end=\"381\">s\u0131cakl\u0131k, derinlik ve zamans\u0131z bir asalet<\/strong> hissi olu\u015fturur. Her \u00e7izgisiyle <strong data-start=\"414\" data-end=\"444\">do\u011fall\u0131\u011f\u0131n g\u00fc\u00e7l\u00fc ama zarif<\/strong> ifadesidir.<\/p>\n<p data-start=\"460\" data-end=\"578\"><strong data-start=\"460\" data-end=\"472\">\u00d6l\u00e7\u00fcler:<\/strong> En 15,8 cm \u2022 Boy 280 cm \u2022 Kal\u0131nl\u0131k 12 mm<br data-start=\"513\" data-end=\"516\" \/><strong data-start=\"516\" data-end=\"529\">Hammadde:<\/strong> 1. s\u0131n\u0131f MDF<br data-start=\"542\" data-end=\"545\" \/><strong data-start=\"545\" data-end=\"555\">Y\u00fczey:<\/strong> Premium Teak Kaplama<\/p>\n<p data-start=\"580\" data-end=\"861\">Premium y\u00fczey kaplamas\u0131, ah\u015fab\u0131n do\u011fal damar yap\u0131s\u0131n\u0131 \u00f6zenle yans\u0131tarak <strong data-start=\"652\" data-end=\"680\">ipeksi mat bir parlakl\u0131k<\/strong> kazand\u0131r\u0131r. I\u015f\u0131\u011f\u0131 dengeli bi\u00e7imde k\u0131rarak mek\u00e2nlarda <strong data-start=\"734\" data-end=\"775\">sade ama etkileyici bir estetik denge<\/strong> sa\u011flar. Arden Teak, <strong data-start=\"796\" data-end=\"840\">do\u011fan\u0131n s\u0131cak ruhunu modern tasar\u0131mlarla<\/strong> bir araya getirir.<\/p>","protected":false},"excerpt":{"rendered":"<div>\n<h3 data-start=\"105\" data-end=\"155\">\u2728 <em data-start=\"888\" data-end=\"948\">\u201cTeak\u2019in s\u0131cak tonlar\u0131yla, do\u011fall\u0131\u011f\u0131n asil g\u00fcc\u00fcn\u00fc hisset.\u201d<\/em><\/h3>\n<\/div>\n<div><strong data-start=\"460\" data-end=\"472\">\u00d6l\u00e7\u00fcler:<\/strong> En 15,8 cm \u2022 Boy 280 cm \u2022 Kal\u0131nl\u0131k 12 mm<br data-start=\"513\" data-end=\"516\" \/><strong data-start=\"516\" data-end=\"529\">Hammadde:<\/strong> 1. s\u0131n\u0131f MDF<br data-start=\"542\" data-end=\"545\" \/><strong data-start=\"545\" data-end=\"555\">Y\u00fczey:<\/strong> Premium Teak Kaplama<\/div>\n<div><strong data-start=\"663\" data-end=\"673\">\u00dcr\u00fcn, 1 adet<\/strong>(280cm) <strong data-start=\"663\" data-end=\"673\">\u00fczerinden fiyatland\u0131r\u0131lm\u0131\u015ft\u0131r.<\/strong><\/div>","protected":false},"featured_media":19804,"comment_status":"closed","ping_status":"closed","template":"","meta":[],"product_cat":[119,75],"product_tag":[],"class_list":["post-19457","product","type-product","status-publish","has-post-thumbnail","hentry","product_cat-mdf-panel-serisi","product_cat-duvar-panelleri"],"_links":{"self":[{"href":"https:\/\/aybeyprofil.com\/en\/wp-json\/wp\/v2\/product\/19457","targetHints":{"allow":["GET"]}}],"collection":[{"href":"https:\/\/aybeyprofil.com\/en\/wp-json\/wp\/v2\/product"}],"about":[{"href":"https:\/\/aybeyprofil.com\/en\/wp-json\/wp\/v2\/types\/product"}],"replies":[{"embeddable":true,"href":"https:\/\/aybeyprofil.com\/en\/wp-json\/wp\/v2\/comments?post=19457"}],"version-history":[{"count":2,"href":"https:\/\/aybeyprofil.com\/en\/wp-json\/wp\/v2\/product\/19457\/revisions"}],"predecessor-version":[{"id":19805,"href":"https:\/\/aybeyprofil.com\/en\/wp-json\/wp\/v2\/product\/19457\/revisions\/19805"}],"wp:featuredmedia":[{"embeddable":true,"href":"https:\/\/aybeyprofil.com\/en\/wp-json\/wp\/v2\/media\/19804"}],"wp:attachment":[{"href":"https:\/\/aybeyprofil.com\/en\/wp-json\/wp\/v2\/media?parent=19457"}],"wp:term":[{"taxonomy":"product_cat","embeddable":true,"href":"https:\/\/aybeyprofil.com\/en\/wp-json\/wp\/v2\/product_cat?post=19457"},{"taxonomy":"product_tag","embeddable":true,"href":"https:\/\/aybeyprofil.com\/en\/wp-json\/wp\/v2\/product_tag?post=19457"}],"curies":[{"name":"wp","href":"https:\/\/api.w.org\/{rel}","templated":true}]}}