{"id":19462,"date":"2025-10-09T12:02:25","date_gmt":"2025-10-09T09:02:25","guid":{"rendered":"https:\/\/aybeyprofil.com\/?post_type=product&#038;p=19462"},"modified":"2025-10-18T19:29:59","modified_gmt":"2025-10-18T16:29:59","slug":"arden-siena-ahsap-duvar-paneli","status":"publish","type":"product","link":"https:\/\/aybeyprofil.com\/en\/product\/arden-siena-ahsap-duvar-paneli\/","title":{"rendered":"Arden Siena Ah\u015fap Duvar Paneli"},"content":{"rendered":"<hr data-start=\"83\" data-end=\"86\" \/>\n<h3 data-start=\"89\" data-end=\"129\"><strong data-start=\"93\" data-end=\"127\">Arden Siena Ah\u015fap Duvar Paneli<\/strong><\/h3>\n<p data-start=\"130\" data-end=\"185\"><strong data-start=\"130\" data-end=\"183\">Premium Kaplama \u2013 S\u0131cak Doku, Sofistike Bir Denge<\/strong><\/p>\n<p data-start=\"187\" data-end=\"473\">Arden Siena Ah\u015fap Duvar Paneli, ah\u015fab\u0131n do\u011fal s\u0131cakl\u0131\u011f\u0131n\u0131 <strong data-start=\"245\" data-end=\"265\">modern sadelikle<\/strong> bir araya getirir. Siena tonunun zarif kahve ve bal rengi ge\u00e7i\u015fleri, mek\u00e2nlara <strong data-start=\"345\" data-end=\"372\">s\u0131cak, samimi ve rafine<\/strong> bir atmosfer kazand\u0131r\u0131rken; y\u00fczeyin yumu\u015fak dokusu <strong data-start=\"424\" data-end=\"462\">do\u011fal bir zarafet ve estetik denge<\/strong> yarat\u0131r.<\/p>\n<p data-start=\"475\" data-end=\"600\"><strong data-start=\"475\" data-end=\"487\">\u00d6l\u00e7\u00fcler:<\/strong> En 15,8 cm \u2022 Boy 280 cm \u2022 Kal\u0131nl\u0131k 12 mm<br data-start=\"528\" data-end=\"531\" \/><strong data-start=\"531\" data-end=\"544\">Hammadde:<\/strong> 1. s\u0131n\u0131f MDF<br data-start=\"557\" data-end=\"560\" \/><strong data-start=\"560\" data-end=\"570\">Y\u00fczey:<\/strong> Premium\u00a0 Soft Touch Siena Ah\u015fap Kaplama<\/p>\n<p data-start=\"602\" data-end=\"903\">Premium kaplama teknolojisi, ah\u015fab\u0131n do\u011fal damar yap\u0131s\u0131n\u0131 koruyarak y\u00fczeye <strong data-start=\"677\" data-end=\"705\">ipeksi mat bir parlakl\u0131k<\/strong> kazand\u0131r\u0131r. I\u015f\u0131\u011f\u0131 nazik\u00e7e yans\u0131tan dokusu, duvarlarda <strong data-start=\"760\" data-end=\"785\">zamans\u0131z bir s\u0131cakl\u0131k<\/strong> ve <strong data-start=\"789\" data-end=\"814\">sofistike bir sadelik<\/strong> olu\u015fturur. Arden Siena Ah\u015fap, <strong data-start=\"845\" data-end=\"901\">do\u011fal tonlar\u0131n modern mimarideki en zarif yorumudur.<\/strong><\/p>","protected":false},"excerpt":{"rendered":"<div>\n<h3 data-start=\"105\" data-end=\"155\">\u2728 <em data-start=\"930\" data-end=\"990\">\u201cSiena\u2019n\u0131n s\u0131cak dokusuyla, do\u011fall\u0131\u011f\u0131n sofistike dengesi.\u201d<\/em><\/h3>\n<\/div>\n<div><strong data-start=\"475\" data-end=\"487\">\u00d6l\u00e7\u00fcler:<\/strong> En 15,8 cm \u2022 Boy 280 cm \u2022 Kal\u0131nl\u0131k 12 mm<br data-start=\"528\" data-end=\"531\" \/><strong data-start=\"531\" data-end=\"544\">Hammadde:<\/strong> 1. s\u0131n\u0131f MDF<br data-start=\"557\" data-end=\"560\" \/><strong data-start=\"560\" data-end=\"570\">Y\u00fczey:<\/strong> Premium\u00a0 Soft Touch Siena Ah\u015fap Kaplama<\/div>\n<div><strong data-start=\"663\" data-end=\"673\">\u00dcr\u00fcn, 1 adet<\/strong>(280cm) <strong data-start=\"663\" data-end=\"673\">\u00fczerinden fiyatland\u0131r\u0131lm\u0131\u015ft\u0131r.<\/strong><\/div>","protected":false},"featured_media":19801,"comment_status":"closed","ping_status":"closed","template":"","meta":[],"product_cat":[119,75],"product_tag":[],"class_list":["post-19462","product","type-product","status-publish","has-post-thumbnail","hentry","product_cat-mdf-panel-serisi","product_cat-duvar-panelleri"],"_links":{"self":[{"href":"https:\/\/aybeyprofil.com\/en\/wp-json\/wp\/v2\/product\/19462","targetHints":{"allow":["GET"]}}],"collection":[{"href":"https:\/\/aybeyprofil.com\/en\/wp-json\/wp\/v2\/product"}],"about":[{"href":"https:\/\/aybeyprofil.com\/en\/wp-json\/wp\/v2\/types\/product"}],"replies":[{"embeddable":true,"href":"https:\/\/aybeyprofil.com\/en\/wp-json\/wp\/v2\/comments?post=19462"}],"version-history":[{"count":3,"href":"https:\/\/aybeyprofil.com\/en\/wp-json\/wp\/v2\/product\/19462\/revisions"}],"predecessor-version":[{"id":19802,"href":"https:\/\/aybeyprofil.com\/en\/wp-json\/wp\/v2\/product\/19462\/revisions\/19802"}],"wp:featuredmedia":[{"embeddable":true,"href":"https:\/\/aybeyprofil.com\/en\/wp-json\/wp\/v2\/media\/19801"}],"wp:attachment":[{"href":"https:\/\/aybeyprofil.com\/en\/wp-json\/wp\/v2\/media?parent=19462"}],"wp:term":[{"taxonomy":"product_cat","embeddable":true,"href":"https:\/\/aybeyprofil.com\/en\/wp-json\/wp\/v2\/product_cat?post=19462"},{"taxonomy":"product_tag","embeddable":true,"href":"https:\/\/aybeyprofil.com\/en\/wp-json\/wp\/v2\/product_tag?post=19462"}],"curies":[{"name":"wp","href":"https:\/\/api.w.org\/{rel}","templated":true}]}}