{"id":19467,"date":"2025-10-09T12:08:24","date_gmt":"2025-10-09T09:08:24","guid":{"rendered":"https:\/\/aybeyprofil.com\/?post_type=product&#038;p=19467"},"modified":"2025-10-18T19:26:26","modified_gmt":"2025-10-18T16:26:26","slug":"arden-delphi-mese-duvar-paneli","status":"publish","type":"product","link":"https:\/\/aybeyprofil.com\/en\/product\/arden-delphi-mese-duvar-paneli\/","title":{"rendered":"Arden Delphi Me\u015fe Duvar Paneli"},"content":{"rendered":"<hr data-start=\"83\" data-end=\"86\" \/>\n<h3 data-start=\"89\" data-end=\"129\"><strong data-start=\"93\" data-end=\"127\">Arden Delphi Me\u015fe Duvar Paneli<\/strong><\/h3>\n<p data-start=\"130\" data-end=\"184\"><strong data-start=\"130\" data-end=\"182\">Premium Kaplama \u2013 Do\u011fal Damarlar\u0131n Rafine Yorumu<\/strong><\/p>\n<p data-start=\"186\" data-end=\"474\">Arden Delphi Me\u015fe Duvar Paneli, me\u015fenin kendine \u00f6zg\u00fc \u00e7izgilerini <strong data-start=\"251\" data-end=\"277\">sofistike bir sadeli\u011fe<\/strong> d\u00f6n\u00fc\u015ft\u00fcr\u00fcr. Delphi Me\u015fe\u2019nin a\u00e7\u0131k ve do\u011fal tonlar\u0131, mek\u00e2nlara <strong data-start=\"339\" data-end=\"367\">rahatlat\u0131c\u0131 bir ferahl\u0131k<\/strong> ve <strong data-start=\"371\" data-end=\"391\">modern bir denge<\/strong> kazand\u0131r\u0131rken; y\u00fczeyin do\u011fal dokusu, <strong data-start=\"429\" data-end=\"459\">ah\u015fab\u0131n ger\u00e7ek karakterini<\/strong> hissettirir.<\/p>\n<p data-start=\"476\" data-end=\"601\"><strong data-start=\"476\" data-end=\"488\">\u00d6l\u00e7\u00fcler:<\/strong> En 15,8 cm \u2022 Boy 280 cm \u2022 Kal\u0131nl\u0131k 12 mm<br data-start=\"529\" data-end=\"532\" \/><strong data-start=\"532\" data-end=\"545\">Hammadde:<\/strong> 1. s\u0131n\u0131f MDF<br data-start=\"558\" data-end=\"561\" \/><strong data-start=\"561\" data-end=\"571\">Y\u00fczey:<\/strong> Premium Delphi Me\u015fe Kaplama<\/p>\n<p data-start=\"603\" data-end=\"921\">Premium kaplama teknolojisi, me\u015fenin damar yap\u0131s\u0131n\u0131 belirgin \u015fekilde yans\u0131tarak y\u00fczeye <strong data-start=\"690\" data-end=\"711\">ipeksi bir matl\u0131k<\/strong> kazand\u0131r\u0131r. I\u015f\u0131\u011f\u0131 do\u011fal bi\u00e7imde yayan dokusu, duvarlarda <strong data-start=\"769\" data-end=\"799\">zamans\u0131z bir estetik denge<\/strong> ve <strong data-start=\"803\" data-end=\"827\">sade bir \u015f\u0131k dokunu\u015f<\/strong> olu\u015fturur. Arden Delphi Me\u015fe, <strong data-start=\"858\" data-end=\"919\">do\u011fall\u0131\u011f\u0131n modern mimariyle bulu\u015ftu\u011fu en rafine ifadedir.<\/strong><\/p>","protected":false},"excerpt":{"rendered":"<div>\n<h3 data-start=\"105\" data-end=\"155\">\u2728 <em data-start=\"948\" data-end=\"1015\">\u201cDelphi Me\u015fe ile do\u011fall\u0131\u011f\u0131n rafine tonlar\u0131n\u0131 mek\u00e2n\u0131n\u0131za ta\u015f\u0131y\u0131n.\u201d<\/em><\/h3>\n<\/div>\n<div><strong data-start=\"476\" data-end=\"488\">\u00d6l\u00e7\u00fcler:<\/strong> En 15,8 cm \u2022 Boy 280 cm \u2022 Kal\u0131nl\u0131k 12 mm<br data-start=\"529\" data-end=\"532\" \/><strong data-start=\"532\" data-end=\"545\">Hammadde:<\/strong> 1. s\u0131n\u0131f MDF<br data-start=\"558\" data-end=\"561\" \/><strong data-start=\"561\" data-end=\"571\">Y\u00fczey:<\/strong> Premium Delphi Me\u015fe Kaplama<\/div>\n<div><strong data-start=\"663\" data-end=\"673\">\u00dcr\u00fcn, 1 adet<\/strong>(280cm) <strong data-start=\"663\" data-end=\"673\">\u00fczerinden fiyatland\u0131r\u0131lm\u0131\u015ft\u0131r.<\/strong><\/div>","protected":false},"featured_media":19797,"comment_status":"closed","ping_status":"closed","template":"","meta":[],"product_cat":[119,75],"product_tag":[],"class_list":["post-19467","product","type-product","status-publish","has-post-thumbnail","hentry","product_cat-mdf-panel-serisi","product_cat-duvar-panelleri"],"_links":{"self":[{"href":"https:\/\/aybeyprofil.com\/en\/wp-json\/wp\/v2\/product\/19467","targetHints":{"allow":["GET"]}}],"collection":[{"href":"https:\/\/aybeyprofil.com\/en\/wp-json\/wp\/v2\/product"}],"about":[{"href":"https:\/\/aybeyprofil.com\/en\/wp-json\/wp\/v2\/types\/product"}],"replies":[{"embeddable":true,"href":"https:\/\/aybeyprofil.com\/en\/wp-json\/wp\/v2\/comments?post=19467"}],"version-history":[{"count":3,"href":"https:\/\/aybeyprofil.com\/en\/wp-json\/wp\/v2\/product\/19467\/revisions"}],"predecessor-version":[{"id":19798,"href":"https:\/\/aybeyprofil.com\/en\/wp-json\/wp\/v2\/product\/19467\/revisions\/19798"}],"wp:featuredmedia":[{"embeddable":true,"href":"https:\/\/aybeyprofil.com\/en\/wp-json\/wp\/v2\/media\/19797"}],"wp:attachment":[{"href":"https:\/\/aybeyprofil.com\/en\/wp-json\/wp\/v2\/media?parent=19467"}],"wp:term":[{"taxonomy":"product_cat","embeddable":true,"href":"https:\/\/aybeyprofil.com\/en\/wp-json\/wp\/v2\/product_cat?post=19467"},{"taxonomy":"product_tag","embeddable":true,"href":"https:\/\/aybeyprofil.com\/en\/wp-json\/wp\/v2\/product_tag?post=19467"}],"curies":[{"name":"wp","href":"https:\/\/api.w.org\/{rel}","templated":true}]}}