{"id":19482,"date":"2025-10-09T20:20:00","date_gmt":"2025-10-09T17:20:00","guid":{"rendered":"https:\/\/aybeyprofil.com\/?post_type=product&#038;p=19482"},"modified":"2025-10-18T18:45:40","modified_gmt":"2025-10-18T15:45:40","slug":"nova-supramat-makaron-yesil-duvar-paneli","status":"publish","type":"product","link":"https:\/\/aybeyprofil.com\/en\/product\/nova-supramat-makaron-yesil-duvar-paneli\/","title":{"rendered":"Nova Supramat Makaron Ye\u015fil Duvar Paneli"},"content":{"rendered":"<hr data-start=\"83\" data-end=\"86\" \/>\n<h3 data-start=\"99\" data-end=\"149\"><strong data-start=\"103\" data-end=\"147\">Nova Supramat Makaron Ye\u015fil Duvar Paneli<\/strong><\/h3>\n<p data-start=\"150\" data-end=\"201\"><strong data-start=\"150\" data-end=\"199\">Supramat Y\u00fczey \u2013 Yumu\u015fak Ye\u015filin Zarif Yorumu<\/strong><\/p>\n<p data-start=\"203\" data-end=\"503\">Nova Supramat Makaron Ye\u015fil Duvar Paneli, ye\u015filin en sakin tonunu <strong data-start=\"269\" data-end=\"292\">sofistike sadelikle<\/strong> yorumlar. Makaron Ye\u015fil\u2019in ferahlat\u0131c\u0131 etkisi, mek\u00e2nlara <strong data-start=\"350\" data-end=\"388\">do\u011fal bir tazelik ve estetik denge<\/strong> kazand\u0131r\u0131rken; <strong data-start=\"404\" data-end=\"442\">Supramat y\u00fczeyin ipeksi mat dokusu<\/strong>, duvarlarda <strong data-start=\"455\" data-end=\"490\">sade ama etkileyici bir zarafet<\/strong> olu\u015fturur.<\/p>\n<p data-start=\"505\" data-end=\"643\"><strong data-start=\"505\" data-end=\"517\">\u00d6l\u00e7\u00fcler:<\/strong> En 11,5 cm \u2022 Boy 280 cm \u2022 Kal\u0131nl\u0131k 12 mm<br data-start=\"558\" data-end=\"561\" \/><strong data-start=\"561\" data-end=\"574\">Hammadde:<\/strong> 1. s\u0131n\u0131f MDF<br data-start=\"587\" data-end=\"590\" \/><strong data-start=\"590\" data-end=\"600\">Y\u00fczey:<\/strong> Supramat \u2013 Premium Makaron Ye\u015fil Kaplama<\/p>\n<p data-start=\"645\" data-end=\"1005\">Supramat teknolojisi, <strong data-start=\"667\" data-end=\"697\">parmak izi tutmayan y\u00fczeyi<\/strong>, <strong data-start=\"699\" data-end=\"726\">yans\u0131mas\u0131z mat g\u00f6r\u00fcn\u00fcm\u00fc<\/strong> ve <strong data-start=\"730\" data-end=\"759\">y\u00fcksek \u00e7izilme direnciyle<\/strong> uzun \u00f6m\u00fcrl\u00fc bir estetik sunar. I\u015f\u0131\u011f\u0131 nazik\u00e7e yans\u0131tan y\u00fczeyi, mek\u00e2nlarda <strong data-start=\"833\" data-end=\"858\">do\u011fall\u0131\u011f\u0131n sakin g\u00fcc\u00fc<\/strong> ve <strong data-start=\"862\" data-end=\"887\">zamans\u0131z bir ferahl\u0131k<\/strong> hissi yarat\u0131r. Nova Supramat Makaron Ye\u015fil, <strong data-start=\"932\" data-end=\"974\">do\u011fadan ilham alan modern tasar\u0131mlar\u0131n<\/strong> rafine bir tamamlay\u0131c\u0131s\u0131d\u0131r.<\/p>","protected":false},"excerpt":{"rendered":"<div>\n<h3 data-start=\"105\" data-end=\"155\">\u2728 <em data-start=\"1032\" data-end=\"1100\">\u201cSupramat ile ipeksi matl\u0131k, makaron ye\u015filiyle do\u011fal bir tazelik.\u201d<\/em><\/h3>\n<\/div>\n<div><strong data-start=\"505\" data-end=\"517\">\u00d6l\u00e7\u00fcler:<\/strong> En 11,5 cm \u2022 Boy 280 cm \u2022 Kal\u0131nl\u0131k 12 mm<br data-start=\"558\" data-end=\"561\" \/><strong data-start=\"561\" data-end=\"574\">Hammadde:<\/strong> 1. s\u0131n\u0131f MDF<br data-start=\"587\" data-end=\"590\" \/><strong data-start=\"590\" data-end=\"600\">Y\u00fczey:<\/strong> Supramat \u2013 Premium Makaron Ye\u015fil Kaplama<\/div>\n<div><strong data-start=\"663\" data-end=\"673\">\u00dcr\u00fcn, 1 adet<\/strong>(280cm) <strong data-start=\"663\" data-end=\"673\">\u00fczerinden fiyatland\u0131r\u0131lm\u0131\u015ft\u0131r.<\/strong><\/div>","protected":false},"featured_media":19789,"comment_status":"closed","ping_status":"closed","template":"","meta":[],"product_cat":[119,75],"product_tag":[],"class_list":["post-19482","product","type-product","status-publish","has-post-thumbnail","hentry","product_cat-mdf-panel-serisi","product_cat-duvar-panelleri"],"_links":{"self":[{"href":"https:\/\/aybeyprofil.com\/en\/wp-json\/wp\/v2\/product\/19482","targetHints":{"allow":["GET"]}}],"collection":[{"href":"https:\/\/aybeyprofil.com\/en\/wp-json\/wp\/v2\/product"}],"about":[{"href":"https:\/\/aybeyprofil.com\/en\/wp-json\/wp\/v2\/types\/product"}],"replies":[{"embeddable":true,"href":"https:\/\/aybeyprofil.com\/en\/wp-json\/wp\/v2\/comments?post=19482"}],"version-history":[{"count":2,"href":"https:\/\/aybeyprofil.com\/en\/wp-json\/wp\/v2\/product\/19482\/revisions"}],"predecessor-version":[{"id":19790,"href":"https:\/\/aybeyprofil.com\/en\/wp-json\/wp\/v2\/product\/19482\/revisions\/19790"}],"wp:featuredmedia":[{"embeddable":true,"href":"https:\/\/aybeyprofil.com\/en\/wp-json\/wp\/v2\/media\/19789"}],"wp:attachment":[{"href":"https:\/\/aybeyprofil.com\/en\/wp-json\/wp\/v2\/media?parent=19482"}],"wp:term":[{"taxonomy":"product_cat","embeddable":true,"href":"https:\/\/aybeyprofil.com\/en\/wp-json\/wp\/v2\/product_cat?post=19482"},{"taxonomy":"product_tag","embeddable":true,"href":"https:\/\/aybeyprofil.com\/en\/wp-json\/wp\/v2\/product_tag?post=19482"}],"curies":[{"name":"wp","href":"https:\/\/api.w.org\/{rel}","templated":true}]}}