{"id":19486,"date":"2025-10-09T20:24:26","date_gmt":"2025-10-09T17:24:26","guid":{"rendered":"https:\/\/aybeyprofil.com\/?post_type=product&#038;p=19486"},"modified":"2025-10-18T18:44:46","modified_gmt":"2025-10-18T15:44:46","slug":"nova-supramat-londra-mavi-duvar-paneli","status":"publish","type":"product","link":"https:\/\/aybeyprofil.com\/en\/product\/nova-supramat-londra-mavi-duvar-paneli\/","title":{"rendered":"Nova Supramat Londra Mavi Duvar Paneli"},"content":{"rendered":"<hr data-start=\"83\" data-end=\"86\" \/>\n<h3 data-start=\"97\" data-end=\"145\"><strong data-start=\"101\" data-end=\"143\">Nova Supramat Londra Mavi Duvar Paneli<\/strong><\/h3>\n<p data-start=\"146\" data-end=\"210\"><strong data-start=\"146\" data-end=\"208\">Supramat Y\u00fczey \u2013 Mavinin Modern Duru\u015fu, \u0130peksi Bir Zarafet<\/strong><\/p>\n<p data-start=\"212\" data-end=\"529\">Nova Supramat Londra Mavi Duvar Paneli, Londra\u2019n\u0131n so\u011fukkanl\u0131 esteti\u011finden ilham alarak <strong data-start=\"300\" data-end=\"325\">mavinin rafine tonunu<\/strong> modern i\u00e7 mek\u00e2nlara ta\u015f\u0131r. Bu \u00f6zg\u00fcn renk, mek\u00e2nlarda <strong data-start=\"379\" data-end=\"404\">sofistike bir sadelik<\/strong> ve <strong data-start=\"408\" data-end=\"430\">Avrupai bir \u015f\u0131kl\u0131k<\/strong> yarat\u0131rken; <strong data-start=\"443\" data-end=\"481\">Supramat y\u00fczeyin ipeksi mat dokusu<\/strong>, duvarlara <strong data-start=\"493\" data-end=\"515\">zamans\u0131z bir duru\u015f<\/strong> kazand\u0131r\u0131r.<\/p>\n<p data-start=\"531\" data-end=\"667\"><strong data-start=\"531\" data-end=\"543\">\u00d6l\u00e7\u00fcler:<\/strong> En 11,5 cm \u2022 Boy 280 cm \u2022 Kal\u0131nl\u0131k 12 mm<br data-start=\"584\" data-end=\"587\" \/><strong data-start=\"587\" data-end=\"600\">Hammadde:<\/strong> 1. s\u0131n\u0131f MDF<br data-start=\"613\" data-end=\"616\" \/><strong data-start=\"616\" data-end=\"626\">Y\u00fczey:<\/strong> Supramat \u2013 Premium Londra Mavi Kaplama<\/p>\n<p data-start=\"669\" data-end=\"1026\">Supramat teknolojisi, <strong data-start=\"691\" data-end=\"716\">yans\u0131mas\u0131z mat y\u00fczeyi<\/strong>, <strong data-start=\"718\" data-end=\"748\">parmak izi tutmayan yap\u0131s\u0131<\/strong> ve <strong data-start=\"752\" data-end=\"782\">y\u00fcksek \u00e7izilme dayan\u0131m\u0131yla<\/strong> estetik ve fonksiyonelli\u011fi bir arada sunar. I\u015f\u0131\u011f\u0131 yumu\u015fak bi\u00e7imde k\u0131rarak duvarlarda <strong data-start=\"868\" data-end=\"904\">sessiz bir l\u00fcks ve estetik denge<\/strong> olu\u015fturur. Nova Supramat Londra Mavi, <strong data-start=\"943\" data-end=\"979\">modern mimarinin zarif mavisiyle<\/strong> her detay\u0131yla ayr\u0131cal\u0131kl\u0131 bir g\u00f6r\u00fcn\u00fcm sunar.<\/p>","protected":false},"excerpt":{"rendered":"<div>\n<h3 data-start=\"105\" data-end=\"155\">\u2728 <em data-start=\"1053\" data-end=\"1119\">\u201cSupramat ile ipeksi matl\u0131k, Londra mavisiyle rafine bir duru\u015f.\u201d<\/em><\/h3>\n<\/div>\n<div><strong data-start=\"531\" data-end=\"543\">\u00d6l\u00e7\u00fcler:<\/strong> En 11,5 cm \u2022 Boy 280 cm \u2022 Kal\u0131nl\u0131k 12 mm<br data-start=\"584\" data-end=\"587\" \/><strong data-start=\"587\" data-end=\"600\">Hammadde:<\/strong> 1. s\u0131n\u0131f MDF<br data-start=\"613\" data-end=\"616\" \/><strong data-start=\"616\" data-end=\"626\">Y\u00fczey:<\/strong> Supramat \u2013 Premium Londra Mavi Kaplama<\/div>\n<div><strong data-start=\"663\" data-end=\"673\">\u00dcr\u00fcn, 1 adet<\/strong>(280cm) <strong data-start=\"663\" data-end=\"673\">\u00fczerinden fiyatland\u0131r\u0131lm\u0131\u015ft\u0131r.<\/strong><\/div>","protected":false},"featured_media":19786,"comment_status":"closed","ping_status":"closed","template":"","meta":[],"product_cat":[119,75],"product_tag":[],"class_list":["post-19486","product","type-product","status-publish","has-post-thumbnail","hentry","product_cat-mdf-panel-serisi","product_cat-duvar-panelleri"],"_links":{"self":[{"href":"https:\/\/aybeyprofil.com\/en\/wp-json\/wp\/v2\/product\/19486","targetHints":{"allow":["GET"]}}],"collection":[{"href":"https:\/\/aybeyprofil.com\/en\/wp-json\/wp\/v2\/product"}],"about":[{"href":"https:\/\/aybeyprofil.com\/en\/wp-json\/wp\/v2\/types\/product"}],"replies":[{"embeddable":true,"href":"https:\/\/aybeyprofil.com\/en\/wp-json\/wp\/v2\/comments?post=19486"}],"version-history":[{"count":2,"href":"https:\/\/aybeyprofil.com\/en\/wp-json\/wp\/v2\/product\/19486\/revisions"}],"predecessor-version":[{"id":19787,"href":"https:\/\/aybeyprofil.com\/en\/wp-json\/wp\/v2\/product\/19486\/revisions\/19787"}],"wp:featuredmedia":[{"embeddable":true,"href":"https:\/\/aybeyprofil.com\/en\/wp-json\/wp\/v2\/media\/19786"}],"wp:attachment":[{"href":"https:\/\/aybeyprofil.com\/en\/wp-json\/wp\/v2\/media?parent=19486"}],"wp:term":[{"taxonomy":"product_cat","embeddable":true,"href":"https:\/\/aybeyprofil.com\/en\/wp-json\/wp\/v2\/product_cat?post=19486"},{"taxonomy":"product_tag","embeddable":true,"href":"https:\/\/aybeyprofil.com\/en\/wp-json\/wp\/v2\/product_tag?post=19486"}],"curies":[{"name":"wp","href":"https:\/\/api.w.org\/{rel}","templated":true}]}}