{"id":19496,"date":"2025-10-09T20:35:02","date_gmt":"2025-10-09T17:35:02","guid":{"rendered":"https:\/\/aybeyprofil.com\/?post_type=product&#038;p=19496"},"modified":"2025-10-18T18:43:38","modified_gmt":"2025-10-18T15:43:38","slug":"nova-soft-touch-su-yesili-duvar-paneli","status":"publish","type":"product","link":"https:\/\/aybeyprofil.com\/en\/product\/nova-soft-touch-su-yesili-duvar-paneli\/","title":{"rendered":"Nova Soft Touch Su Ye\u015fili Duvar Paneli"},"content":{"rendered":"<hr data-start=\"83\" data-end=\"86\" \/>\n<h3 data-start=\"97\" data-end=\"145\"><strong data-start=\"101\" data-end=\"143\">Nova Soft Touch Su Ye\u015fili Duvar Paneli<\/strong><\/h3>\n<p data-start=\"146\" data-end=\"205\"><strong data-start=\"146\" data-end=\"203\">Soft Touch Y\u00fczey \u2013 Do\u011fadan \u0130lham Alan \u0130peksi Ferahl\u0131k<\/strong><\/p>\n<p data-start=\"207\" data-end=\"493\">Nova Soft Touch Su Ye\u015fili Duvar Paneli, do\u011fan\u0131n huzur veren tonlar\u0131n\u0131 <strong data-start=\"277\" data-end=\"298\">modern \u00e7izgilerle<\/strong> birle\u015ftirir. Su Ye\u015fili\u2019nin yumu\u015fak rengi, mek\u00e2nlara <strong data-start=\"351\" data-end=\"378\">ferah, dengeli ve zarif<\/strong> bir atmosfer kazand\u0131r\u0131rken; <strong data-start=\"407\" data-end=\"443\">Soft Touch y\u00fczeyin ipeksi dokusu<\/strong>, duvarlarda <strong data-start=\"456\" data-end=\"474\">sakin bir l\u00fcks<\/strong> hissi olu\u015fturur.<\/p>\n<p data-start=\"495\" data-end=\"631\"><strong data-start=\"495\" data-end=\"507\">\u00d6l\u00e7\u00fcler:<\/strong> En 11,5 cm \u2022 Boy 280 cm \u2022 Kal\u0131nl\u0131k 12 mm<br data-start=\"548\" data-end=\"551\" \/><strong data-start=\"551\" data-end=\"564\">Hammadde:<\/strong> 1. s\u0131n\u0131f MDF<br data-start=\"577\" data-end=\"580\" \/><strong data-start=\"580\" data-end=\"590\">Y\u00fczey:<\/strong> Soft Touch \u2013 Premium Su Ye\u015fili Kaplama<\/p>\n<p data-start=\"633\" data-end=\"984\">Soft Touch teknolojisi, <strong data-start=\"657\" data-end=\"681\">yans\u0131mas\u0131z mat y\u00fczey<\/strong>, <strong data-start=\"683\" data-end=\"711\">parmak izi tutmayan yap\u0131<\/strong> ve <strong data-start=\"715\" data-end=\"745\">p\u00fcr\u00fczs\u00fcz dokunsal hissiyle<\/strong> hem estetik hem de konforu bir araya getirir. I\u015f\u0131\u011f\u0131 zarif\u00e7e yans\u0131tan y\u00fczeyi, mek\u00e2nlarda <strong data-start=\"834\" data-end=\"878\">do\u011fal bir denge ve zamans\u0131z bir ferahl\u0131k<\/strong> olu\u015fturur. Nova Soft Touch Su Ye\u015fili, <strong data-start=\"917\" data-end=\"982\">modern ya\u015fam alanlar\u0131na do\u011fadan gelen yumu\u015fak bir dokunu\u015ftur.<\/strong><\/p>","protected":false},"excerpt":{"rendered":"<div>\n<h3 data-start=\"105\" data-end=\"155\">\u2728 <em data-start=\"1011\" data-end=\"1078\">\u201cSoft Touch ile ipeksi ferahl\u0131k, su ye\u015filiyle do\u011fal bir zarafet.\u201d<\/em><\/h3>\n<\/div>\n<div><strong data-start=\"495\" data-end=\"507\">\u00d6l\u00e7\u00fcler:<\/strong> En 11,5 cm \u2022 Boy 280 cm \u2022 Kal\u0131nl\u0131k 12 mm<br data-start=\"548\" data-end=\"551\" \/><strong data-start=\"551\" data-end=\"564\">Hammadde:<\/strong> 1. s\u0131n\u0131f MDF<br data-start=\"577\" data-end=\"580\" \/><strong data-start=\"580\" data-end=\"590\">Y\u00fczey:<\/strong> Soft Touch \u2013 Premium Su Ye\u015fili Kaplama<\/div>\n<div><strong data-start=\"663\" data-end=\"673\">\u00dcr\u00fcn, 1 adet<\/strong>(280cm) <strong data-start=\"663\" data-end=\"673\">\u00fczerinden fiyatland\u0131r\u0131lm\u0131\u015ft\u0131r.<\/strong><\/div>","protected":false},"featured_media":19779,"comment_status":"closed","ping_status":"closed","template":"","meta":[],"product_cat":[119,75],"product_tag":[],"class_list":["post-19496","product","type-product","status-publish","has-post-thumbnail","hentry","product_cat-mdf-panel-serisi","product_cat-duvar-panelleri"],"_links":{"self":[{"href":"https:\/\/aybeyprofil.com\/en\/wp-json\/wp\/v2\/product\/19496","targetHints":{"allow":["GET"]}}],"collection":[{"href":"https:\/\/aybeyprofil.com\/en\/wp-json\/wp\/v2\/product"}],"about":[{"href":"https:\/\/aybeyprofil.com\/en\/wp-json\/wp\/v2\/types\/product"}],"replies":[{"embeddable":true,"href":"https:\/\/aybeyprofil.com\/en\/wp-json\/wp\/v2\/comments?post=19496"}],"version-history":[{"count":2,"href":"https:\/\/aybeyprofil.com\/en\/wp-json\/wp\/v2\/product\/19496\/revisions"}],"predecessor-version":[{"id":19780,"href":"https:\/\/aybeyprofil.com\/en\/wp-json\/wp\/v2\/product\/19496\/revisions\/19780"}],"wp:featuredmedia":[{"embeddable":true,"href":"https:\/\/aybeyprofil.com\/en\/wp-json\/wp\/v2\/media\/19779"}],"wp:attachment":[{"href":"https:\/\/aybeyprofil.com\/en\/wp-json\/wp\/v2\/media?parent=19496"}],"wp:term":[{"taxonomy":"product_cat","embeddable":true,"href":"https:\/\/aybeyprofil.com\/en\/wp-json\/wp\/v2\/product_cat?post=19496"},{"taxonomy":"product_tag","embeddable":true,"href":"https:\/\/aybeyprofil.com\/en\/wp-json\/wp\/v2\/product_tag?post=19496"}],"curies":[{"name":"wp","href":"https:\/\/api.w.org\/{rel}","templated":true}]}}