{"id":19679,"date":"2025-10-18T02:58:14","date_gmt":"2025-10-17T23:58:14","guid":{"rendered":"https:\/\/aybeyprofil.com\/?post_type=product&#038;p=19679"},"modified":"2025-10-24T01:18:18","modified_gmt":"2025-10-23T22:18:18","slug":"neolith-pvc-panel","status":"publish","type":"product","link":"https:\/\/aybeyprofil.com\/en\/product\/neolith-pvc-panel\/","title":{"rendered":"Neolith PVC Panel"},"content":{"rendered":"<h3 data-start=\"131\" data-end=\"158\"><strong data-start=\"135\" data-end=\"156\">Neolith PVC Panel<\/strong><\/h3>\n<p data-start=\"160\" data-end=\"500\">Neolith PVC Panel, beyaz mermerin saf zarafetini <strong data-start=\"209\" data-end=\"254\">kahve ve gri damarlar\u0131n ince ge\u00e7i\u015fleriyle<\/strong> yorumlayarak mek\u00e2nlarda <strong data-start=\"279\" data-end=\"308\">do\u011fal bir sofistike denge<\/strong> olu\u015fturur. Y\u00fczeyinde kullan\u0131lan <strong data-start=\"341\" data-end=\"374\">y\u00fcksek kaliteli folyo kaplama<\/strong>, ta\u015f\u0131n zarif damar yap\u0131s\u0131n\u0131 ger\u00e7ek\u00e7i bir derinlikle yans\u0131tarak duvarlarda <strong data-start=\"449\" data-end=\"479\">ayd\u0131nl\u0131k, modern ve se\u00e7kin<\/strong> bir g\u00f6r\u00fcn\u00fcm sunar.<\/p>\n<p data-start=\"502\" data-end=\"675\"><strong data-start=\"502\" data-end=\"514\">\u00d6l\u00e7\u00fcler:<\/strong> En 122 cm \u2022 Boy 244 cm \u2022 Kal\u0131nl\u0131k 3 mm<br data-start=\"553\" data-end=\"556\" \/><strong data-start=\"556\" data-end=\"569\">Hammadde:<\/strong> PVC<br data-start=\"573\" data-end=\"576\" \/><strong data-start=\"576\" data-end=\"586\">Y\u00fczey:<\/strong> Y\u00fcksek Dayan\u0131ml\u0131 Mermer Desenli Folyo Kaplama<\/p>\n<p data-start=\"677\" data-end=\"998\">Dekoratif kullan\u0131m i\u00e7in tasarlanan bu <strong data-start=\"715\" data-end=\"728\">PVC panel<\/strong>, neme dayan\u0131kl\u0131, hafif ve kolay uygulanabilir yap\u0131s\u0131yla <strong data-start=\"785\" data-end=\"823\">banyo, mutfak ve ya\u015fam alanlar\u0131nda<\/strong> uzun \u00f6m\u00fcrl\u00fc bir \u00e7\u00f6z\u00fcm sunar. Neolith PVC Panel, <strong data-start=\"872\" data-end=\"935\">beyaz\u0131n ayd\u0131nl\u0131k g\u00fcc\u00fcn\u00fc do\u011fal damarlar\u0131n zarif s\u0131cakl\u0131\u011f\u0131yla<\/strong> birle\u015ftirerek duvarlarda <strong data-start=\"961\" data-end=\"985\">zamans\u0131z bir estetik<\/strong> olu\u015fturur.<\/p>","protected":false},"excerpt":{"rendered":"<div>\n<h4 data-start=\"1014\" data-end=\"1083\">\u2728 <em data-start=\"1025\" data-end=\"1101\">\u201cBeyaz mermerin safl\u0131\u011f\u0131, ince damarlar\u0131n zarif dokunu\u015fuyla hayat buluyor.\u201d<\/em><\/h4>\n<\/div>\n<div><strong data-start=\"424\" data-end=\"436\">\u00d6l\u00e7\u00fcler:<\/strong> En 122 cm \u2022 Boy 244 cm \u2022 Kal\u0131nl\u0131k 3 mm<br data-start=\"475\" data-end=\"478\" \/><strong data-start=\"478\" data-end=\"491\">Hammadde:<\/strong> PVC<br data-start=\"495\" data-end=\"498\" \/><strong data-start=\"498\" data-end=\"508\">Y\u00fczey:<\/strong> Y\u00fcksek Dayan\u0131ml\u0131 Mermer Desenli Folyo Kaplama<\/div>","protected":false},"featured_media":19680,"comment_status":"closed","ping_status":"closed","template":"","meta":[],"product_cat":[128,129],"product_tag":[],"class_list":["post-19679","product","type-product","status-publish","has-post-thumbnail","hentry","product_cat-mimari-yuzeyler","product_cat-pvc-mermer-paneller"],"_links":{"self":[{"href":"https:\/\/aybeyprofil.com\/en\/wp-json\/wp\/v2\/product\/19679","targetHints":{"allow":["GET"]}}],"collection":[{"href":"https:\/\/aybeyprofil.com\/en\/wp-json\/wp\/v2\/product"}],"about":[{"href":"https:\/\/aybeyprofil.com\/en\/wp-json\/wp\/v2\/types\/product"}],"replies":[{"embeddable":true,"href":"https:\/\/aybeyprofil.com\/en\/wp-json\/wp\/v2\/comments?post=19679"}],"version-history":[{"count":3,"href":"https:\/\/aybeyprofil.com\/en\/wp-json\/wp\/v2\/product\/19679\/revisions"}],"predecessor-version":[{"id":19683,"href":"https:\/\/aybeyprofil.com\/en\/wp-json\/wp\/v2\/product\/19679\/revisions\/19683"}],"wp:featuredmedia":[{"embeddable":true,"href":"https:\/\/aybeyprofil.com\/en\/wp-json\/wp\/v2\/media\/19680"}],"wp:attachment":[{"href":"https:\/\/aybeyprofil.com\/en\/wp-json\/wp\/v2\/media?parent=19679"}],"wp:term":[{"taxonomy":"product_cat","embeddable":true,"href":"https:\/\/aybeyprofil.com\/en\/wp-json\/wp\/v2\/product_cat?post=19679"},{"taxonomy":"product_tag","embeddable":true,"href":"https:\/\/aybeyprofil.com\/en\/wp-json\/wp\/v2\/product_tag?post=19679"}],"curies":[{"name":"wp","href":"https:\/\/api.w.org\/{rel}","templated":true}]}}