{"id":19711,"date":"2025-10-18T16:41:33","date_gmt":"2025-10-18T13:41:33","guid":{"rendered":"https:\/\/aybeyprofil.com\/?post_type=product&#038;p=19711"},"modified":"2025-10-18T16:47:50","modified_gmt":"2025-10-18T13:47:50","slug":"tork-ligna-ahsap-cephe-kaplama-paneli","status":"publish","type":"product","link":"https:\/\/aybeyprofil.com\/en\/product\/tork-ligna-ahsap-cephe-kaplama-paneli\/","title":{"rendered":"Tork Ligna Ah\u015fap Cephe Kaplama Paneli"},"content":{"rendered":"<h3 data-start=\"182\" data-end=\"229\"><strong data-start=\"186\" data-end=\"227\">Tork Ligna Ah\u015fap Cephe Kaplama Paneli<\/strong><\/h3>\n<p data-start=\"231\" data-end=\"522\">Tork Ligna Ah\u015fap Cephe Kaplama Paneli, do\u011fal ah\u015fab\u0131n s\u0131cak dokusunu <strong data-start=\"299\" data-end=\"327\">modern cephe mimarisiyle<\/strong> bulu\u015fturan \u00fcst\u00fcn dayan\u0131ml\u0131 bir d\u0131\u015f mek\u00e2n \u00e7\u00f6z\u00fcm\u00fcd\u00fcr. <strong data-start=\"380\" data-end=\"404\">PVC plastik hammadde<\/strong> yap\u0131s\u0131, UV \u0131\u015f\u0131nlar\u0131na, suya ve sert hava ko\u015fullar\u0131na kar\u015f\u0131 <strong data-start=\"464\" data-end=\"481\">y\u00fcksek diren\u00e7<\/strong> sa\u011flayarak uzun \u00f6m\u00fcrl\u00fc kullan\u0131m sunar.<\/p>\n<p data-start=\"524\" data-end=\"792\">Do\u011fal ah\u015fap damar dokusunu yans\u0131tan y\u00fczeyi, cephelerde <strong data-start=\"579\" data-end=\"619\">do\u011fal bir s\u0131cakl\u0131k ve mimari zarafet<\/strong> olu\u015fturur. Rengi g\u00fcne\u015f alt\u0131nda solmaz, nemden etkilenmez; hafif formu sayesinde montaj\u0131 kolay, bak\u0131m gerektirmeyen yap\u0131s\u0131yla <strong data-start=\"745\" data-end=\"790\">zamana meydan okuyan bir y\u00fczey \u00e7\u00f6z\u00fcm\u00fcd\u00fcr.<\/strong><\/p>\n<p data-start=\"794\" data-end=\"1072\"><strong data-start=\"794\" data-end=\"806\">\u00d6l\u00e7\u00fcler:<\/strong> En 20 cm \u2022 Boy 280 cm \u2022 Kal\u0131nl\u0131k 7 mm<br data-start=\"844\" data-end=\"847\" \/><strong data-start=\"847\" data-end=\"860\">Hammadde:<\/strong> PVC Plastik<br data-start=\"872\" data-end=\"875\" \/><strong data-start=\"875\" data-end=\"894\">Kullan\u0131m Alan\u0131:<\/strong> D\u0131\u015f Cephe ve Mimari Kaplama Uygulamalar\u0131<br data-start=\"935\" data-end=\"938\" \/><strong data-start=\"938\" data-end=\"955\">Dayan\u0131kl\u0131l\u0131k:<\/strong> UV I\u015f\u0131nlar\u0131na, Suya ve D\u0131\u015f Mekan Ko\u015fullar\u0131na Kar\u015f\u0131 Tam Koruma<br data-start=\"1017\" data-end=\"1020\" \/><strong data-start=\"1023\" data-end=\"1070\">\u00dcr\u00fcn, 1 adet \u00fczerinden fiyatland\u0131r\u0131lm\u0131\u015ft\u0131r.<\/strong><\/p>","protected":false},"excerpt":{"rendered":"<div>\n<h4 data-start=\"1097\" data-end=\"1177\"><strong>\u2728 <em data-start=\"1099\" data-end=\"1175\">\u201cLigna ah\u015fab\u0131n s\u0131cakl\u0131\u011f\u0131, d\u0131\u015f cephelerde modern dayan\u0131kl\u0131l\u0131kla bulu\u015fuyor.\u201d<\/em><\/strong><\/h4>\n<\/div>\n<div><strong data-start=\"794\" data-end=\"806\">\u00d6l\u00e7\u00fcler:<\/strong> En 20 cm \u2022 Boy 280 cm \u2022 Kal\u0131nl\u0131k 7 mm<br data-start=\"844\" data-end=\"847\" \/><strong data-start=\"847\" data-end=\"860\">Hammadde:<\/strong> PVC Plastik<br data-start=\"872\" data-end=\"875\" \/><strong data-start=\"875\" data-end=\"894\">Kullan\u0131m Alan\u0131:<\/strong> D\u0131\u015f Cephe ve Mimari Kaplama Uygulamalar\u0131<br data-start=\"935\" data-end=\"938\" \/><strong data-start=\"938\" data-end=\"955\">Dayan\u0131kl\u0131l\u0131k:<\/strong> UV I\u015f\u0131nlar\u0131na, Suya ve D\u0131\u015f Mekan Ko\u015fullar\u0131na Kar\u015f\u0131 Tam Koruma<br data-start=\"1017\" data-end=\"1020\" \/><strong data-start=\"1023\" data-end=\"1070\">\u00dcr\u00fcn, 1 adet \u00fczerinden fiyatland\u0131r\u0131lm\u0131\u015ft\u0131r.<\/strong><\/div>","protected":false},"featured_media":19712,"comment_status":"closed","ping_status":"closed","template":"","meta":[],"product_cat":[75,122,120],"product_tag":[],"class_list":["post-19711","product","type-product","status-publish","has-post-thumbnail","hentry","product_cat-duvar-panelleri","product_cat-dis-mekan","product_cat-polimer-panel-serisi"],"_links":{"self":[{"href":"https:\/\/aybeyprofil.com\/en\/wp-json\/wp\/v2\/product\/19711","targetHints":{"allow":["GET"]}}],"collection":[{"href":"https:\/\/aybeyprofil.com\/en\/wp-json\/wp\/v2\/product"}],"about":[{"href":"https:\/\/aybeyprofil.com\/en\/wp-json\/wp\/v2\/types\/product"}],"replies":[{"embeddable":true,"href":"https:\/\/aybeyprofil.com\/en\/wp-json\/wp\/v2\/comments?post=19711"}],"version-history":[{"count":1,"href":"https:\/\/aybeyprofil.com\/en\/wp-json\/wp\/v2\/product\/19711\/revisions"}],"predecessor-version":[{"id":19715,"href":"https:\/\/aybeyprofil.com\/en\/wp-json\/wp\/v2\/product\/19711\/revisions\/19715"}],"wp:featuredmedia":[{"embeddable":true,"href":"https:\/\/aybeyprofil.com\/en\/wp-json\/wp\/v2\/media\/19712"}],"wp:attachment":[{"href":"https:\/\/aybeyprofil.com\/en\/wp-json\/wp\/v2\/media?parent=19711"}],"wp:term":[{"taxonomy":"product_cat","embeddable":true,"href":"https:\/\/aybeyprofil.com\/en\/wp-json\/wp\/v2\/product_cat?post=19711"},{"taxonomy":"product_tag","embeddable":true,"href":"https:\/\/aybeyprofil.com\/en\/wp-json\/wp\/v2\/product_tag?post=19711"}],"curies":[{"name":"wp","href":"https:\/\/api.w.org\/{rel}","templated":true}]}}