{"id":19900,"date":"2025-10-22T12:50:02","date_gmt":"2025-10-22T09:50:02","guid":{"rendered":"https:\/\/aybeyprofil.com\/?post_type=product&#038;p=19900"},"modified":"2025-10-24T01:22:34","modified_gmt":"2025-10-23T22:22:34","slug":"ripple-3d-krom-panel","status":"publish","type":"product","link":"https:\/\/aybeyprofil.com\/en\/product\/ripple-3d-krom-panel\/","title":{"rendered":"Ripple 3D Krom Panel"},"content":{"rendered":"<h3 data-start=\"190\" data-end=\"220\"><strong data-start=\"194\" data-end=\"218\">Ripple 3D Krom Panel<\/strong><\/h3>\n<p data-start=\"222\" data-end=\"526\">Ripple 3D Krom Panel, krom y\u00fczeyin modern parlakl\u0131\u011f\u0131n\u0131 <strong data-start=\"277\" data-end=\"304\">\u00fc\u00e7 boyutlu dalgal\u0131 form<\/strong> ile bulu\u015fturarak mek\u00e2nlara <strong data-start=\"332\" data-end=\"375\">sofistike bir derinlik ve \u0131\u015f\u0131k hareketi<\/strong> kazand\u0131r\u0131r. Metalik gri tonlar\u0131ndaki yans\u0131malar, g\u00fcn \u0131\u015f\u0131\u011f\u0131yla etkile\u015fime girerek duvarlarda <strong data-start=\"468\" data-end=\"501\">\u00e7a\u011fda\u015f, etkileyici ve dinamik<\/strong> bir g\u00f6r\u00fcn\u00fcm olu\u015fturur.<\/p>\n<p data-start=\"528\" data-end=\"804\"><strong data-start=\"528\" data-end=\"558\">Dayan\u0131kl\u0131 plastik hammadde<\/strong> yap\u0131s\u0131 sayesinde hafif, esnek ve uzun \u00f6m\u00fcrl\u00fcd\u00fcr. Y\u00fczeyinde bulunan <strong data-start=\"626\" data-end=\"654\">koruyucu jelatin kaplama<\/strong>, \u00e7izilmelere kar\u015f\u0131 ekstra koruma sa\u011flarken, arka y\u00fczeydeki <strong data-start=\"714\" data-end=\"743\">\u00e7ift tarafl\u0131 bant sistemi<\/strong> montaj\u0131 son derece <strong data-start=\"763\" data-end=\"788\">kolay, h\u0131zl\u0131 ve temiz<\/strong> hale getirir.<\/p>\n<p data-start=\"806\" data-end=\"1104\"><strong data-start=\"806\" data-end=\"818\">\u00d6l\u00e7\u00fcler:<\/strong> En 100 cm \u2022 Boy 248 cm \u2022 Kal\u0131nl\u0131k 3 mm<br data-start=\"857\" data-end=\"860\" \/><strong data-start=\"860\" data-end=\"873\">Hammadde:<\/strong> Plastik<br data-start=\"881\" data-end=\"884\" \/><strong data-start=\"884\" data-end=\"894\">Y\u00fczey:<\/strong> Parlak Krom \u2013 Koruyucu Jelatin Kaplamal\u0131<br data-start=\"935\" data-end=\"938\" \/><strong data-start=\"938\" data-end=\"949\">Montaj:<\/strong> Arka Y\u00fczey \u00c7ift Tarafl\u0131 Bantl\u0131<br data-start=\"980\" data-end=\"983\" \/><strong data-start=\"983\" data-end=\"1002\">Kullan\u0131m Alan\u0131:<\/strong> \u0130\u00e7 Mekan Duvar ve Dekoratif Y\u00fczey Uygulamalar\u0131<br data-start=\"1049\" data-end=\"1052\" \/><strong data-start=\"1055\" data-end=\"1102\">\u00dcr\u00fcn, 1 adet \u00fczerinden fiyatland\u0131r\u0131lm\u0131\u015ft\u0131r.<\/strong><\/p>","protected":false},"excerpt":{"rendered":"<div>\n<h4 data-start=\"1129\" data-end=\"1194\"><strong>\u2728 <em data-start=\"1131\" data-end=\"1192\">\u201cKromun modern \u0131\u015f\u0131lt\u0131s\u0131, 3D y\u00fczeyin hareketiyle bulu\u015fuyor.\u201d<\/em><\/strong><\/h4>\n<\/div>\n<div><strong data-start=\"806\" data-end=\"818\">\u00d6l\u00e7\u00fcler:<\/strong> En 100 cm \u2022 Boy 248 cm \u2022 Kal\u0131nl\u0131k 3 mm<br data-start=\"857\" data-end=\"860\" \/><strong data-start=\"860\" data-end=\"873\">Hammadde:<\/strong> Plastik<br data-start=\"881\" data-end=\"884\" \/><strong data-start=\"884\" data-end=\"894\">Y\u00fczey:<\/strong> Parlak Krom \u2013 Koruyucu Jelatin Kaplamal\u0131<br data-start=\"935\" data-end=\"938\" \/><strong data-start=\"938\" data-end=\"949\">Montaj:<\/strong> Arka Y\u00fczey \u00c7ift Tarafl\u0131 Bantl\u0131<br data-start=\"980\" data-end=\"983\" \/><strong data-start=\"983\" data-end=\"1002\">Kullan\u0131m Alan\u0131:<\/strong> \u0130\u00e7 Mekan Duvar ve Dekoratif Y\u00fczey Uygulamalar\u0131<br data-start=\"1049\" data-end=\"1052\" \/><strong data-start=\"1055\" data-end=\"1102\">\u00dcr\u00fcn, 1 adet \u00fczerinden fiyatland\u0131r\u0131lm\u0131\u015ft\u0131r.<\/strong><\/div>","protected":false},"featured_media":19897,"comment_status":"closed","ping_status":"closed","template":"","meta":[],"product_cat":[128,131],"product_tag":[],"class_list":["post-19900","product","type-product","status-publish","has-post-thumbnail","hentry","product_cat-mimari-yuzeyler","product_cat-3d-luxury-paneller"],"_links":{"self":[{"href":"https:\/\/aybeyprofil.com\/en\/wp-json\/wp\/v2\/product\/19900","targetHints":{"allow":["GET"]}}],"collection":[{"href":"https:\/\/aybeyprofil.com\/en\/wp-json\/wp\/v2\/product"}],"about":[{"href":"https:\/\/aybeyprofil.com\/en\/wp-json\/wp\/v2\/types\/product"}],"replies":[{"embeddable":true,"href":"https:\/\/aybeyprofil.com\/en\/wp-json\/wp\/v2\/comments?post=19900"}],"version-history":[{"count":1,"href":"https:\/\/aybeyprofil.com\/en\/wp-json\/wp\/v2\/product\/19900\/revisions"}],"predecessor-version":[{"id":19901,"href":"https:\/\/aybeyprofil.com\/en\/wp-json\/wp\/v2\/product\/19900\/revisions\/19901"}],"wp:featuredmedia":[{"embeddable":true,"href":"https:\/\/aybeyprofil.com\/en\/wp-json\/wp\/v2\/media\/19897"}],"wp:attachment":[{"href":"https:\/\/aybeyprofil.com\/en\/wp-json\/wp\/v2\/media?parent=19900"}],"wp:term":[{"taxonomy":"product_cat","embeddable":true,"href":"https:\/\/aybeyprofil.com\/en\/wp-json\/wp\/v2\/product_cat?post=19900"},{"taxonomy":"product_tag","embeddable":true,"href":"https:\/\/aybeyprofil.com\/en\/wp-json\/wp\/v2\/product_tag?post=19900"}],"curies":[{"name":"wp","href":"https:\/\/api.w.org\/{rel}","templated":true}]}}